{"id":7891,"date":"2023-10-05T10:00:04","date_gmt":"2023-10-05T10:00:04","guid":{"rendered":"https:\/\/www.lojameraki.pt\/novo\/?post_type=product&#038;p=7891"},"modified":"2023-10-05T10:01:31","modified_gmt":"2023-10-05T10:01:31","slug":"kit-amigomira-maria-e-jesus","status":"publish","type":"product","link":"https:\/\/www.lojameraki.pt\/novo\/product\/kit-amigomira-maria-e-jesus\/","title":{"rendered":"Kit Amigomira &#8211; Maria e Jesus"},"content":{"rendered":"<p>Kit Amigomira &#8211; Maria e Jesus<\/p>\n<p>&nbsp;<\/p>\n<p>Este kit inclui:<br \/>\n\u2013 6 novelos x 20g de fio Amigomira (100% algod\u00e3o)<br \/>\n\u2013 Tutorial em papel com instru\u00e7\u00f5es em portugu\u00eas e ingl\u00eas.<\/p>\n<p>Agulha de crochet 2,5mm (n\u00e3o inclu\u00edda)<\/p>\n<h5><\/h5>\n","protected":false},"excerpt":{"rendered":"<p>Kit Amigomira &#8211; Maria e Jesus &nbsp; Este kit inclui: \u2013 6 novelos x 20g de fio Amigomira (100% algod\u00e3o) \u2013 Tutorial em papel com instru\u00e7\u00f5es em portugu\u00eas e ingl\u00eas. Agulha de crochet 2,5mm (n\u00e3o inclu\u00edda)<\/p>\n","protected":false},"featured_media":7892,"template":"","meta":{"_et_pb_use_builder":"","_et_pb_old_content":"","_et_gb_content_width":""},"product_brand":[],"product_cat":[77,22,23,87,20,424,21,27,95],"product_tag":[],"class_list":{"0":"post-7891","1":"product","2":"type-product","3":"status-publish","4":"has-post-thumbnail","6":"product_cat-algodao","7":"product_cat-composicao","8":"product_cat-espessura","9":"product_cat-fingering","10":"product_cat-fios","11":"product_cat-kit-amigomira","12":"product_cat-marcas","13":"product_cat-outros","14":"product_cat-rosarios-4-marcas","16":"first","17":"instock","18":"shipping-taxable","19":"purchasable","20":"product-type-simple"},"_links":{"self":[{"href":"https:\/\/www.lojameraki.pt\/novo\/wp-json\/wp\/v2\/product\/7891","targetHints":{"allow":["GET"]}}],"collection":[{"href":"https:\/\/www.lojameraki.pt\/novo\/wp-json\/wp\/v2\/product"}],"about":[{"href":"https:\/\/www.lojameraki.pt\/novo\/wp-json\/wp\/v2\/types\/product"}],"wp:featuredmedia":[{"embeddable":true,"href":"https:\/\/www.lojameraki.pt\/novo\/wp-json\/wp\/v2\/media\/7892"}],"wp:attachment":[{"href":"https:\/\/www.lojameraki.pt\/novo\/wp-json\/wp\/v2\/media?parent=7891"}],"wp:term":[{"taxonomy":"product_brand","embeddable":true,"href":"https:\/\/www.lojameraki.pt\/novo\/wp-json\/wp\/v2\/product_brand?post=7891"},{"taxonomy":"product_cat","embeddable":true,"href":"https:\/\/www.lojameraki.pt\/novo\/wp-json\/wp\/v2\/product_cat?post=7891"},{"taxonomy":"product_tag","embeddable":true,"href":"https:\/\/www.lojameraki.pt\/novo\/wp-json\/wp\/v2\/product_tag?post=7891"}],"curies":[{"name":"wp","href":"https:\/\/api.w.org\/{rel}","templated":true}]}}