{"id":790,"date":"2018-05-21T15:57:59","date_gmt":"2018-05-21T15:57:59","guid":{"rendered":"http:\/\/www.lojameraki.pt\/novo\/?post_type=product&#038;p=790"},"modified":"2023-09-08T12:00:53","modified_gmt":"2023-09-08T12:00:53","slug":"vital-6957","status":"publish","type":"product","link":"https:\/\/www.lojameraki.pt\/novo\/product\/vital-6957\/","title":{"rendered":"Vital 6957"},"content":{"rendered":"<p>Vital 6957\u00a0 verde<\/p>\n<p>Composi\u00e7\u00e3o: 100% L\u00e3<\/p>\n<p>Peso: 50 gramas<\/p>\n<p>Comprimento: 115 metros |\u00a0 DK<\/p>\n<p>Agulhas: 3,5 &#8211; 4 mm<\/p>\n<p>Amostra: 22 malhas\u00a0 por 27 carreiras (10 cm x 10 cm)<\/p>\n<p>lav\u00e1vel \u00e0 m\u00e1quina<\/p>\n","protected":false},"excerpt":{"rendered":"<p>Vital 6957\u00a0 verde Composi\u00e7\u00e3o: 100% L\u00e3 Peso: 50 gramas Comprimento: 115 metros |\u00a0 DK Agulhas: 3,5 &#8211; 4 mm Amostra: 22 malhas\u00a0 por 27 carreiras (10 cm x 10 cm) lav\u00e1vel \u00e0 m\u00e1quina<\/p>\n","protected":false},"featured_media":779,"template":"","meta":{"_et_pb_use_builder":"","_et_pb_old_content":"","_et_gb_content_width":""},"product_brand":[],"product_cat":[22,88,23,20,96,70,21,148],"product_tag":[],"class_list":{"0":"post-790","1":"product","2":"type-product","3":"status-publish","4":"has-post-thumbnail","6":"product_cat-composicao","7":"product_cat-dk","8":"product_cat-espessura","9":"product_cat-fios","10":"product_cat-hjerte-garn-marcas","11":"product_cat-la","12":"product_cat-marcas","13":"product_cat-vital","15":"first","16":"instock","17":"shipping-taxable","18":"purchasable","19":"product-type-simple"},"_links":{"self":[{"href":"https:\/\/www.lojameraki.pt\/novo\/wp-json\/wp\/v2\/product\/790","targetHints":{"allow":["GET"]}}],"collection":[{"href":"https:\/\/www.lojameraki.pt\/novo\/wp-json\/wp\/v2\/product"}],"about":[{"href":"https:\/\/www.lojameraki.pt\/novo\/wp-json\/wp\/v2\/types\/product"}],"wp:featuredmedia":[{"embeddable":true,"href":"https:\/\/www.lojameraki.pt\/novo\/wp-json\/wp\/v2\/media\/779"}],"wp:attachment":[{"href":"https:\/\/www.lojameraki.pt\/novo\/wp-json\/wp\/v2\/media?parent=790"}],"wp:term":[{"taxonomy":"product_brand","embeddable":true,"href":"https:\/\/www.lojameraki.pt\/novo\/wp-json\/wp\/v2\/product_brand?post=790"},{"taxonomy":"product_cat","embeddable":true,"href":"https:\/\/www.lojameraki.pt\/novo\/wp-json\/wp\/v2\/product_cat?post=790"},{"taxonomy":"product_tag","embeddable":true,"href":"https:\/\/www.lojameraki.pt\/novo\/wp-json\/wp\/v2\/product_tag?post=790"}],"curies":[{"name":"wp","href":"https:\/\/api.w.org\/{rel}","templated":true}]}}