{"id":7978,"date":"2023-10-24T17:10:47","date_gmt":"2023-10-24T17:10:47","guid":{"rendered":"https:\/\/www.lojameraki.pt\/novo\/?post_type=product&#038;p=7978"},"modified":"2023-10-24T17:14:50","modified_gmt":"2023-10-24T17:14:50","slug":"hollie-124","status":"publish","type":"product","link":"https:\/\/www.lojameraki.pt\/novo\/product\/hollie-124\/","title":{"rendered":"Hollie 124"},"content":{"rendered":"<p>Hollie 124<\/p>\n<p>Composi\u00e7\u00e3o: 75% l\u00e3 merino; 20% seda;\u00a0 5% caxemira<\/p>\n<p>Peso: 50 gramas<\/p>\n<p>Comprimento: 116 metros | DK<\/p>\n<p>Agulhas: 4 mm<\/p>\n<p>Amostra:\u00a0 22 malhas x 28 carreiras\u00a0 (10 cm)<\/p>\n<p>lav\u00e1vel \u00e0 m\u00e1quina<\/p>\n","protected":false},"excerpt":{"rendered":"<p>Hollie DMC \u00e9 composta por 5% caxemira, 75% l\u00e3 merino extra fina, 20% seda para uma suavidade e delicadeza incr\u00edveis.<\/p>\n","protected":false},"featured_media":7972,"template":"","meta":{"_et_pb_use_builder":"","_et_pb_old_content":"","_et_gb_content_width":""},"product_brand":[],"product_cat":[84,22,88,331,23,20,470,71,21,74],"product_tag":[],"class_list":{"0":"post-7978","1":"product","2":"type-product","3":"status-publish","4":"has-post-thumbnail","6":"product_cat-caxemira","7":"product_cat-composicao","8":"product_cat-dk","9":"product_cat-dmc","10":"product_cat-espessura","11":"product_cat-fios","12":"product_cat-hollie","13":"product_cat-la-merino","14":"product_cat-marcas","15":"product_cat-seda","17":"first","18":"instock","19":"featured","20":"shipping-taxable","21":"purchasable","22":"product-type-simple"},"_links":{"self":[{"href":"https:\/\/www.lojameraki.pt\/novo\/wp-json\/wp\/v2\/product\/7978","targetHints":{"allow":["GET"]}}],"collection":[{"href":"https:\/\/www.lojameraki.pt\/novo\/wp-json\/wp\/v2\/product"}],"about":[{"href":"https:\/\/www.lojameraki.pt\/novo\/wp-json\/wp\/v2\/types\/product"}],"wp:featuredmedia":[{"embeddable":true,"href":"https:\/\/www.lojameraki.pt\/novo\/wp-json\/wp\/v2\/media\/7972"}],"wp:attachment":[{"href":"https:\/\/www.lojameraki.pt\/novo\/wp-json\/wp\/v2\/media?parent=7978"}],"wp:term":[{"taxonomy":"product_brand","embeddable":true,"href":"https:\/\/www.lojameraki.pt\/novo\/wp-json\/wp\/v2\/product_brand?post=7978"},{"taxonomy":"product_cat","embeddable":true,"href":"https:\/\/www.lojameraki.pt\/novo\/wp-json\/wp\/v2\/product_cat?post=7978"},{"taxonomy":"product_tag","embeddable":true,"href":"https:\/\/www.lojameraki.pt\/novo\/wp-json\/wp\/v2\/product_tag?post=7978"}],"curies":[{"name":"wp","href":"https:\/\/api.w.org\/{rel}","templated":true}]}}