{"id":8130,"date":"2024-01-18T16:48:48","date_gmt":"2024-01-18T16:48:48","guid":{"rendered":"https:\/\/www.lojameraki.pt\/novo\/?post_type=product&#038;p=8130"},"modified":"2025-11-12T10:47:18","modified_gmt":"2025-11-12T10:47:18","slug":"capuccino-12","status":"publish","type":"product","link":"https:\/\/www.lojameraki.pt\/novo\/product\/capuccino-12\/","title":{"rendered":"Capuccino 12"},"content":{"rendered":"<p>Capuccino 12<\/p>\n<p>Composi\u00e7\u00e3o: 70% L\u00e3; 30% fibra proteina leite<\/p>\n<p>Peso: 50 gramas<\/p>\n<p>Comprimento: 95 metros |\u00a0 Aran<\/p>\n<p>Agulhas: 5 &#8211; 6 mm<\/p>\n<p>Amostra: 13 malhas\u00a0 (10 cm)<\/p>\n<p>lav\u00e1vel \u00e0 m\u00e1quina<\/p>\n","protected":false},"excerpt":{"rendered":"<p>Capuccino 12 Composi\u00e7\u00e3o: 70% L\u00e3; 30% fibra proteina leite Peso: 50 gramas Comprimento: 95 metros |\u00a0 Aran Agulhas: 5 &#8211; 6 mm Amostra: 13 malhas\u00a0 (10 cm) lav\u00e1vel \u00e0 m\u00e1quina<\/p>\n","protected":false},"featured_media":8131,"template":"","meta":{"_et_pb_use_builder":"","_et_pb_old_content":"","_et_gb_content_width":""},"product_brand":[],"product_cat":[112,138,22,23,20,70,21,95],"product_tag":[],"class_list":{"0":"post-8130","1":"product","2":"type-product","3":"status-publish","4":"has-post-thumbnail","6":"product_cat-aran","7":"product_cat-capuccino","8":"product_cat-composicao","9":"product_cat-espessura","10":"product_cat-fios","11":"product_cat-la","12":"product_cat-marcas","13":"product_cat-rosarios-4-marcas","15":"first","16":"outofstock","17":"shipping-taxable","18":"purchasable","19":"product-type-simple"},"_links":{"self":[{"href":"https:\/\/www.lojameraki.pt\/novo\/wp-json\/wp\/v2\/product\/8130","targetHints":{"allow":["GET"]}}],"collection":[{"href":"https:\/\/www.lojameraki.pt\/novo\/wp-json\/wp\/v2\/product"}],"about":[{"href":"https:\/\/www.lojameraki.pt\/novo\/wp-json\/wp\/v2\/types\/product"}],"wp:featuredmedia":[{"embeddable":true,"href":"https:\/\/www.lojameraki.pt\/novo\/wp-json\/wp\/v2\/media\/8131"}],"wp:attachment":[{"href":"https:\/\/www.lojameraki.pt\/novo\/wp-json\/wp\/v2\/media?parent=8130"}],"wp:term":[{"taxonomy":"product_brand","embeddable":true,"href":"https:\/\/www.lojameraki.pt\/novo\/wp-json\/wp\/v2\/product_brand?post=8130"},{"taxonomy":"product_cat","embeddable":true,"href":"https:\/\/www.lojameraki.pt\/novo\/wp-json\/wp\/v2\/product_cat?post=8130"},{"taxonomy":"product_tag","embeddable":true,"href":"https:\/\/www.lojameraki.pt\/novo\/wp-json\/wp\/v2\/product_tag?post=8130"}],"curies":[{"name":"wp","href":"https:\/\/api.w.org\/{rel}","templated":true}]}}