{"id":8154,"date":"2024-01-25T15:00:10","date_gmt":"2024-01-25T15:00:10","guid":{"rendered":"https:\/\/www.lojameraki.pt\/novo\/?post_type=product&#038;p=8154"},"modified":"2024-02-07T17:13:57","modified_gmt":"2024-02-07T17:13:57","slug":"cotton-n-wool-04","status":"publish","type":"product","link":"https:\/\/www.lojameraki.pt\/novo\/product\/cotton-n-wool-04\/","title":{"rendered":"Cotton n linen 04"},"content":{"rendered":"<p>Cotton n linen 04 &#8211; latte<\/p>\n<p>Composi\u00e7\u00e3o:\u00a0 60% algod\u00e3o;\u00a0 40% linho<\/p>\n<p>Peso: 50 gramas<\/p>\n<p>Comprimento: 102\u00a0 metros | DK<\/p>\n<p>Agulhas: 4mm<\/p>\n<p>Amostra: 23 malhas\u00a0 x 30 carreiras\u00a0 (10 cm)<\/p>\n<p>lav\u00e1vel \u00e0 m\u00e1quina<\/p>\n","protected":false},"excerpt":{"rendered":"<p>Naturalmente respir\u00e1vel; Livre de produtos qu\u00edmicos nocivos;\u00a0corantes e origem vegetal<\/p>\n","protected":false},"featured_media":8203,"template":"","meta":{"_et_pb_use_builder":"","_et_pb_old_content":"","_et_gb_content_width":""},"product_brand":[],"product_cat":[77,247,138,22,473,88,23,20,79,21,26],"product_tag":[],"class_list":{"0":"post-8154","1":"product","2":"type-product","3":"status-publish","4":"has-post-thumbnail","6":"product_cat-algodao","7":"product_cat-anchor","8":"product_cat-capuccino","9":"product_cat-composicao","10":"product_cat-cotton-n-linen","11":"product_cat-dk","12":"product_cat-espessura","13":"product_cat-fios","14":"product_cat-linho","15":"product_cat-marcas","16":"product_cat-primavera-verao","18":"first","19":"instock","20":"shipping-taxable","21":"purchasable","22":"product-type-simple"},"_links":{"self":[{"href":"https:\/\/www.lojameraki.pt\/novo\/wp-json\/wp\/v2\/product\/8154","targetHints":{"allow":["GET"]}}],"collection":[{"href":"https:\/\/www.lojameraki.pt\/novo\/wp-json\/wp\/v2\/product"}],"about":[{"href":"https:\/\/www.lojameraki.pt\/novo\/wp-json\/wp\/v2\/types\/product"}],"wp:featuredmedia":[{"embeddable":true,"href":"https:\/\/www.lojameraki.pt\/novo\/wp-json\/wp\/v2\/media\/8203"}],"wp:attachment":[{"href":"https:\/\/www.lojameraki.pt\/novo\/wp-json\/wp\/v2\/media?parent=8154"}],"wp:term":[{"taxonomy":"product_brand","embeddable":true,"href":"https:\/\/www.lojameraki.pt\/novo\/wp-json\/wp\/v2\/product_brand?post=8154"},{"taxonomy":"product_cat","embeddable":true,"href":"https:\/\/www.lojameraki.pt\/novo\/wp-json\/wp\/v2\/product_cat?post=8154"},{"taxonomy":"product_tag","embeddable":true,"href":"https:\/\/www.lojameraki.pt\/novo\/wp-json\/wp\/v2\/product_tag?post=8154"}],"curies":[{"name":"wp","href":"https:\/\/api.w.org\/{rel}","templated":true}]}}