{"id":8163,"date":"2024-01-25T15:10:05","date_gmt":"2024-01-25T15:10:05","guid":{"rendered":"https:\/\/www.lojameraki.pt\/novo\/?post_type=product&#038;p=8163"},"modified":"2025-11-12T10:54:59","modified_gmt":"2025-11-12T10:54:59","slug":"cotton-n-wool-06","status":"publish","type":"product","link":"https:\/\/www.lojameraki.pt\/novo\/product\/cotton-n-wool-06\/","title":{"rendered":"Cotton n Linen 06"},"content":{"rendered":"<p>Cotton n Linen 06 mist<\/p>\n<p>Composi\u00e7\u00e3o:\u00a0 60% algod\u00e3o;\u00a0 40% linho<\/p>\n<p>Peso: 50 gramas<\/p>\n<p>Comprimento: 102\u00a0 metros | DK<\/p>\n<p>Agulhas: 4mm<\/p>\n<p>Amostra: 23 malhas\u00a0 x 30 carreiras\u00a0 (10 cm)<\/p>\n<p>lav\u00e1vel \u00e0 m\u00e1quina<\/p>\n","protected":false},"excerpt":{"rendered":"<p>Naturalmente respir\u00e1vel; Livre de produtos qu\u00edmicos nocivos;\u00a0corantes e origem vegetal<\/p>\n","protected":false},"featured_media":8195,"template":"","meta":{"_et_pb_use_builder":"","_et_pb_old_content":"","_et_gb_content_width":""},"product_brand":[],"product_cat":[77,247,22,473,88,23,20,79,21,26],"product_tag":[],"class_list":{"0":"post-8163","1":"product","2":"type-product","3":"status-publish","4":"has-post-thumbnail","6":"product_cat-algodao","7":"product_cat-anchor","8":"product_cat-composicao","9":"product_cat-cotton-n-linen","10":"product_cat-dk","11":"product_cat-espessura","12":"product_cat-fios","13":"product_cat-linho","14":"product_cat-marcas","15":"product_cat-primavera-verao","17":"first","18":"instock","19":"shipping-taxable","20":"purchasable","21":"product-type-simple"},"_links":{"self":[{"href":"https:\/\/www.lojameraki.pt\/novo\/wp-json\/wp\/v2\/product\/8163","targetHints":{"allow":["GET"]}}],"collection":[{"href":"https:\/\/www.lojameraki.pt\/novo\/wp-json\/wp\/v2\/product"}],"about":[{"href":"https:\/\/www.lojameraki.pt\/novo\/wp-json\/wp\/v2\/types\/product"}],"wp:featuredmedia":[{"embeddable":true,"href":"https:\/\/www.lojameraki.pt\/novo\/wp-json\/wp\/v2\/media\/8195"}],"wp:attachment":[{"href":"https:\/\/www.lojameraki.pt\/novo\/wp-json\/wp\/v2\/media?parent=8163"}],"wp:term":[{"taxonomy":"product_brand","embeddable":true,"href":"https:\/\/www.lojameraki.pt\/novo\/wp-json\/wp\/v2\/product_brand?post=8163"},{"taxonomy":"product_cat","embeddable":true,"href":"https:\/\/www.lojameraki.pt\/novo\/wp-json\/wp\/v2\/product_cat?post=8163"},{"taxonomy":"product_tag","embeddable":true,"href":"https:\/\/www.lojameraki.pt\/novo\/wp-json\/wp\/v2\/product_tag?post=8163"}],"curies":[{"name":"wp","href":"https:\/\/api.w.org\/{rel}","templated":true}]}}