{"id":8240,"date":"2024-02-07T17:54:49","date_gmt":"2024-02-07T17:54:49","guid":{"rendered":"https:\/\/www.lojameraki.pt\/novo\/?post_type=product&#038;p=8240"},"modified":"2026-04-29T13:56:39","modified_gmt":"2026-04-29T13:56:39","slug":"easy-cotton-spritz-99","status":"publish","type":"product","link":"https:\/\/www.lojameraki.pt\/novo\/product\/easy-cotton-spritz-99\/","title":{"rendered":"Easy Cotton Spritz 99"},"content":{"rendered":"<p>Easy Cotton Spritz 99<\/p>\n<p>Composi\u00e7\u00e3o:\u00a0 50% algod\u00e3o;\u00a0 50% acr\u00edlico<\/p>\n<p>Peso: 50 gramas<\/p>\n<p>Comprimento: 110\u00a0 metros | Dk<\/p>\n<p>Agulhas: 3 &#8211; 4 mm<\/p>\n<p>Amostra: 22 malhas\u00a0 x 30 carreiras\u00a0 (10 cm)<\/p>\n<p>lav\u00e1vel \u00e0 m\u00e1quina<\/p>\n","protected":false},"excerpt":{"rendered":"<p>Easy Cotton Spritz 99 Composi\u00e7\u00e3o:\u00a0 50% algod\u00e3o;\u00a0 50% acr\u00edlico Peso: 50 gramas Comprimento: 110\u00a0 metros | Dk Agulhas: 3 &#8211; 4 mm Amostra: 22 malhas\u00a0 x 30 carreiras\u00a0 (10 cm) lav\u00e1vel \u00e0 m\u00e1quina<\/p>\n","protected":false},"featured_media":8241,"template":"","meta":{"_et_pb_use_builder":"","_et_pb_old_content":"","_et_gb_content_width":""},"product_brand":[],"product_cat":[82,77,22,88,474,23,20,21,26],"product_tag":[],"class_list":{"0":"post-8240","1":"product","2":"type-product","3":"status-publish","4":"has-post-thumbnail","6":"product_cat-acrilico","7":"product_cat-algodao","8":"product_cat-composicao","9":"product_cat-dk","10":"product_cat-easy-cotton","11":"product_cat-espessura","12":"product_cat-fios","13":"product_cat-marcas","14":"product_cat-primavera-verao","16":"first","17":"instock","18":"shipping-taxable","19":"purchasable","20":"product-type-simple"},"_links":{"self":[{"href":"https:\/\/www.lojameraki.pt\/novo\/wp-json\/wp\/v2\/product\/8240","targetHints":{"allow":["GET"]}}],"collection":[{"href":"https:\/\/www.lojameraki.pt\/novo\/wp-json\/wp\/v2\/product"}],"about":[{"href":"https:\/\/www.lojameraki.pt\/novo\/wp-json\/wp\/v2\/types\/product"}],"wp:featuredmedia":[{"embeddable":true,"href":"https:\/\/www.lojameraki.pt\/novo\/wp-json\/wp\/v2\/media\/8241"}],"wp:attachment":[{"href":"https:\/\/www.lojameraki.pt\/novo\/wp-json\/wp\/v2\/media?parent=8240"}],"wp:term":[{"taxonomy":"product_brand","embeddable":true,"href":"https:\/\/www.lojameraki.pt\/novo\/wp-json\/wp\/v2\/product_brand?post=8240"},{"taxonomy":"product_cat","embeddable":true,"href":"https:\/\/www.lojameraki.pt\/novo\/wp-json\/wp\/v2\/product_cat?post=8240"},{"taxonomy":"product_tag","embeddable":true,"href":"https:\/\/www.lojameraki.pt\/novo\/wp-json\/wp\/v2\/product_tag?post=8240"}],"curies":[{"name":"wp","href":"https:\/\/api.w.org\/{rel}","templated":true}]}}