{"id":8277,"date":"2024-02-07T18:37:03","date_gmt":"2024-02-07T18:37:03","guid":{"rendered":"https:\/\/www.lojameraki.pt\/novo\/?post_type=product&#038;p=8277"},"modified":"2026-04-29T14:05:52","modified_gmt":"2026-04-29T14:05:52","slug":"color-breeze-88","status":"publish","type":"product","link":"https:\/\/www.lojameraki.pt\/novo\/product\/color-breeze-88\/","title":{"rendered":"Color Breeze 88"},"content":{"rendered":"<p>Color Breeze 88<\/p>\n<p>Composi\u00e7\u00e3o:\u00a0 85% algod\u00e3o;\u00a0 11% poli\u00e9ster; 4% outras fibras<\/p>\n<p>Peso: 50 gramas<\/p>\n<p>Comprimento: 125\u00a0 metros | Dk<\/p>\n<p>Agulhas: 3,5 &#8211; 4 mm<\/p>\n<p>Amostra: 23 malhas\u00a0 x 30 carreiras\u00a0 (10 cm)<\/p>\n<p>lav\u00e1vel \u00e0 m\u00e1quina<\/p>\n","protected":false},"excerpt":{"rendered":"<p>limitado ao stock existente<\/p>\n","protected":false},"featured_media":8278,"template":"","meta":{"_et_pb_use_builder":"","_et_pb_old_content":"","_et_gb_content_width":""},"product_brand":[],"product_cat":[77,475,22,88,23,348,20,21,85,26],"product_tag":[],"class_list":{"0":"post-8277","1":"product","2":"type-product","3":"status-publish","4":"has-post-thumbnail","6":"product_cat-algodao","7":"product_cat-color-breeze","8":"product_cat-composicao","9":"product_cat-dk","10":"product_cat-espessura","11":"product_cat-fim-de-stock","12":"product_cat-fios","13":"product_cat-marcas","14":"product_cat-poliester","15":"product_cat-primavera-verao","17":"first","18":"instock","19":"sale","20":"shipping-taxable","21":"purchasable","22":"product-type-simple"},"_links":{"self":[{"href":"https:\/\/www.lojameraki.pt\/novo\/wp-json\/wp\/v2\/product\/8277","targetHints":{"allow":["GET"]}}],"collection":[{"href":"https:\/\/www.lojameraki.pt\/novo\/wp-json\/wp\/v2\/product"}],"about":[{"href":"https:\/\/www.lojameraki.pt\/novo\/wp-json\/wp\/v2\/types\/product"}],"wp:featuredmedia":[{"embeddable":true,"href":"https:\/\/www.lojameraki.pt\/novo\/wp-json\/wp\/v2\/media\/8278"}],"wp:attachment":[{"href":"https:\/\/www.lojameraki.pt\/novo\/wp-json\/wp\/v2\/media?parent=8277"}],"wp:term":[{"taxonomy":"product_brand","embeddable":true,"href":"https:\/\/www.lojameraki.pt\/novo\/wp-json\/wp\/v2\/product_brand?post=8277"},{"taxonomy":"product_cat","embeddable":true,"href":"https:\/\/www.lojameraki.pt\/novo\/wp-json\/wp\/v2\/product_cat?post=8277"},{"taxonomy":"product_tag","embeddable":true,"href":"https:\/\/www.lojameraki.pt\/novo\/wp-json\/wp\/v2\/product_tag?post=8277"}],"curies":[{"name":"wp","href":"https:\/\/api.w.org\/{rel}","templated":true}]}}