{"id":8333,"date":"2024-03-22T12:53:09","date_gmt":"2024-03-22T12:53:09","guid":{"rendered":"https:\/\/www.lojameraki.pt\/novo\/?post_type=product&#038;p=8333"},"modified":"2025-09-26T14:43:26","modified_gmt":"2025-09-26T14:43:26","slug":"52-weeks-of-acessories","status":"publish","type":"product","link":"https:\/\/www.lojameraki.pt\/novo\/product\/52-weeks-of-acessories\/","title":{"rendered":"52 Weeks of Acessories"},"content":{"rendered":"<p>Um novo livro da Laine com uma cole\u00e7\u00e3o colorida de 52 acess\u00f3rios vers\u00e1teis e inspiradores, criados por 48 designers internacionais &#8211; a maioria em tricot, mas incluindo algumas pe\u00e7as em crochet. Ideal para quem gosta de tricotar gorros, xailes, meias e luvas, assim como outros acess\u00f3rios mais inesperados como golas, capuzes, e malas.<\/p>\n<p><em>52 Weeks of Accessories<\/em>\u00a0inclui modelos adequados a v\u00e1rios n\u00edveis de experi\u00eancia, desde principiante a experiente, e utilizam v\u00e1rias t\u00e9cnicas diferentes como torcidos e jacquard, para al\u00e9m de malhas mais simples. Gra\u00e7as \u00e0 sua escala mais pequena, acess\u00f3rios s\u00e3o mais r\u00e1pidos e econ\u00f3micos de tricotar, e s\u00e3o uma excelente escolha para fazer diferentes experi\u00eancias e aprender novas t\u00e9cnicas.<\/p>\n<p>Designers que contribu\u00edram para esta cole\u00e7\u00e3o: Jenny Ansah,\u00a0Paulina Castell Guti\u00e9rrez\u00a0,\u00a0Susan Chin, Elena Dimchevska, Nele Druyts, Anna Eklund, Jaana Etula, Bel\u00e9n Fern\u00e1ndez, Lindsey Fowler, Lily Kate France, Soraya Garc\u00eda, Izabela Grzybek, \u00c9milie Hallet, Jonna Helin, Karen S. Henderson, Rastus Hsu, Tiina Huhtaniemi, Anna Husemann, Joona H\u00f6ri, Nabita Jouret, Pauliina Kuunsola, Kaori Katsurada, Keiko Kikuno, Thien-Kieu Lam, Lisa Lang &amp; Isabella Heinz, Sarah-Ann Larouche, Sarianna Lehtonen, Eli Leistad, Pauliina Leisti, Fa\u00efza Mebazaa, Maral Mokri, Heli Rajavaara, Marie R\u00e9gnier, Marina Skua, Jeanette Sloan, Lis Smith, Elena Solier Jans\u00e0, Susanne Sommer, Florence Spurling, Jill Tamminen, Thea Vesterby, Maaike van Geijn, Anke von Ahrentschildt, Kajsa Vuorela, Julia Wilkens, Martha Wissing and Veera V\u00e4lim\u00e4ki.<\/p>\n<p><em>52 Weeks of Accessories<\/em>. Editado por Laine Publishing.<br \/>\nEditado em 2024. Capa dura, 272 p\u00e1ginas. Em ingl\u00eas.<\/p>\n","protected":false},"excerpt":{"rendered":"<p>Um novo livro da Laine com uma cole\u00e7\u00e3o colorida de 52 acess\u00f3rios vers\u00e1teis e inspiradores, criados por 48 designers internacionais &#8211; a maioria em tricot, mas incluindo algumas pe\u00e7as em crochet. Ideal para quem gosta de tricotar gorros, xailes, meias e luvas, assim como outros acess\u00f3rios mais inesperados como golas, capuzes, e malas. 52 Weeks [&hellip;]<\/p>\n","protected":false},"featured_media":8334,"template":"","meta":{"_et_pb_use_builder":"","_et_pb_old_content":"","_et_gb_content_width":""},"product_brand":[],"product_cat":[210],"product_tag":[],"class_list":{"0":"post-8333","1":"product","2":"type-product","3":"status-publish","4":"has-post-thumbnail","6":"product_cat-publicacoes-revistas","8":"first","9":"instock","10":"sale","11":"shipping-taxable","12":"purchasable","13":"product-type-simple"},"_links":{"self":[{"href":"https:\/\/www.lojameraki.pt\/novo\/wp-json\/wp\/v2\/product\/8333","targetHints":{"allow":["GET"]}}],"collection":[{"href":"https:\/\/www.lojameraki.pt\/novo\/wp-json\/wp\/v2\/product"}],"about":[{"href":"https:\/\/www.lojameraki.pt\/novo\/wp-json\/wp\/v2\/types\/product"}],"wp:featuredmedia":[{"embeddable":true,"href":"https:\/\/www.lojameraki.pt\/novo\/wp-json\/wp\/v2\/media\/8334"}],"wp:attachment":[{"href":"https:\/\/www.lojameraki.pt\/novo\/wp-json\/wp\/v2\/media?parent=8333"}],"wp:term":[{"taxonomy":"product_brand","embeddable":true,"href":"https:\/\/www.lojameraki.pt\/novo\/wp-json\/wp\/v2\/product_brand?post=8333"},{"taxonomy":"product_cat","embeddable":true,"href":"https:\/\/www.lojameraki.pt\/novo\/wp-json\/wp\/v2\/product_cat?post=8333"},{"taxonomy":"product_tag","embeddable":true,"href":"https:\/\/www.lojameraki.pt\/novo\/wp-json\/wp\/v2\/product_tag?post=8333"}],"curies":[{"name":"wp","href":"https:\/\/api.w.org\/{rel}","templated":true}]}}