{"id":8346,"date":"2024-04-05T10:02:29","date_gmt":"2024-04-05T10:02:29","guid":{"rendered":"https:\/\/www.lojameraki.pt\/novo\/?post_type=product&#038;p=8346"},"modified":"2025-05-22T16:20:50","modified_gmt":"2025-05-22T16:20:50","slug":"cotonella-002","status":"publish","type":"product","link":"https:\/\/www.lojameraki.pt\/novo\/product\/cotonella-002\/","title":{"rendered":"Cotonella 002"},"content":{"rendered":"<p>Cotonella 002<\/p>\n<p>Composi\u00e7\u00e3o: 100% algod\u00e3o ( pima)<\/p>\n<p>Peso: 100 gramas<\/p>\n<p>Comprimento: 280 metros | Aran<\/p>\n<p>Agulhas: 4,5 &#8211; 5 mm<\/p>\n<p>Amostra: 20 malhas por 26 carreiras (10 cm x 10 cm)<\/p>\n<p>lav\u00e1vel \u00e0 m\u00e1quina 30\u00ba<\/p>\n","protected":false},"excerpt":{"rendered":"<p>Cotonella 002 Composi\u00e7\u00e3o: 100% algod\u00e3o ( pima) Peso: 100 gramas Comprimento: 280 metros | Aran Agulhas: 4,5 &#8211; 5 mm Amostra: 20 malhas por 26 carreiras (10 cm x 10 cm) lav\u00e1vel \u00e0 m\u00e1quina 30\u00ba<\/p>\n","protected":false},"featured_media":8342,"template":"","meta":{"_et_pb_use_builder":"","_et_pb_old_content":"","_et_gb_content_width":""},"product_brand":[],"product_cat":[77,112,22,477,23,20,271,21,26],"product_tag":[],"class_list":{"0":"post-8346","1":"product","2":"type-product","3":"status-publish","4":"has-post-thumbnail","6":"product_cat-algodao","7":"product_cat-aran","8":"product_cat-composicao","9":"product_cat-cotonella","10":"product_cat-espessura","11":"product_cat-fios","12":"product_cat-lana-grossa","13":"product_cat-marcas","14":"product_cat-primavera-verao","16":"first","17":"instock","18":"shipping-taxable","19":"purchasable","20":"product-type-simple"},"_links":{"self":[{"href":"https:\/\/www.lojameraki.pt\/novo\/wp-json\/wp\/v2\/product\/8346","targetHints":{"allow":["GET"]}}],"collection":[{"href":"https:\/\/www.lojameraki.pt\/novo\/wp-json\/wp\/v2\/product"}],"about":[{"href":"https:\/\/www.lojameraki.pt\/novo\/wp-json\/wp\/v2\/types\/product"}],"wp:featuredmedia":[{"embeddable":true,"href":"https:\/\/www.lojameraki.pt\/novo\/wp-json\/wp\/v2\/media\/8342"}],"wp:attachment":[{"href":"https:\/\/www.lojameraki.pt\/novo\/wp-json\/wp\/v2\/media?parent=8346"}],"wp:term":[{"taxonomy":"product_brand","embeddable":true,"href":"https:\/\/www.lojameraki.pt\/novo\/wp-json\/wp\/v2\/product_brand?post=8346"},{"taxonomy":"product_cat","embeddable":true,"href":"https:\/\/www.lojameraki.pt\/novo\/wp-json\/wp\/v2\/product_cat?post=8346"},{"taxonomy":"product_tag","embeddable":true,"href":"https:\/\/www.lojameraki.pt\/novo\/wp-json\/wp\/v2\/product_tag?post=8346"}],"curies":[{"name":"wp","href":"https:\/\/api.w.org\/{rel}","templated":true}]}}