{"id":8355,"date":"2024-04-05T10:59:15","date_gmt":"2024-04-05T10:59:15","guid":{"rendered":"https:\/\/www.lojameraki.pt\/novo\/?post_type=product&#038;p=8355"},"modified":"2024-04-05T10:59:45","modified_gmt":"2024-04-05T10:59:45","slug":"mosaico-004","status":"publish","type":"product","link":"https:\/\/www.lojameraki.pt\/novo\/product\/mosaico-004\/","title":{"rendered":"Mosaico 004"},"content":{"rendered":"<p>Mosaico 004<\/p>\n<p>Composi\u00e7\u00e3o: 54% algod\u00e3o; 23% linho, 23% viscose<\/p>\n<p>Peso: 100 gramas<\/p>\n<p>Comprimento: 270 metros | Aran<\/p>\n<p>Agulhas: 4 &#8211; 4,5 mm<\/p>\n<p>Amostra: 20 malhas por 27 carreiras (10 cm x 10 cm)<\/p>\n<p>lav\u00e1vel \u00e0 m\u00e1quina 30\u00ba<\/p>\n","protected":false},"excerpt":{"rendered":"<p>Mosaico 004 Composi\u00e7\u00e3o: 54% algod\u00e3o; 23% linho, 23% viscose Peso: 100 gramas Comprimento: 270 metros | Aran Agulhas: 4 &#8211; 4,5 mm Amostra: 20 malhas por 27 carreiras (10 cm x 10 cm) lav\u00e1vel \u00e0 m\u00e1quina 30\u00ba<\/p>\n","protected":false},"featured_media":8351,"template":"","meta":{"_et_pb_use_builder":"","_et_pb_old_content":"","_et_gb_content_width":""},"product_brand":[],"product_cat":[77,112,22,23,20,271,79,21,478,26,80],"product_tag":[],"class_list":{"0":"post-8355","1":"product","2":"type-product","3":"status-publish","4":"has-post-thumbnail","6":"product_cat-algodao","7":"product_cat-aran","8":"product_cat-composicao","9":"product_cat-espessura","10":"product_cat-fios","11":"product_cat-lana-grossa","12":"product_cat-linho","13":"product_cat-marcas","14":"product_cat-mosaico","15":"product_cat-primavera-verao","16":"product_cat-viscose","18":"first","19":"instock","20":"shipping-taxable","21":"purchasable","22":"product-type-simple"},"_links":{"self":[{"href":"https:\/\/www.lojameraki.pt\/novo\/wp-json\/wp\/v2\/product\/8355","targetHints":{"allow":["GET"]}}],"collection":[{"href":"https:\/\/www.lojameraki.pt\/novo\/wp-json\/wp\/v2\/product"}],"about":[{"href":"https:\/\/www.lojameraki.pt\/novo\/wp-json\/wp\/v2\/types\/product"}],"wp:featuredmedia":[{"embeddable":true,"href":"https:\/\/www.lojameraki.pt\/novo\/wp-json\/wp\/v2\/media\/8351"}],"wp:attachment":[{"href":"https:\/\/www.lojameraki.pt\/novo\/wp-json\/wp\/v2\/media?parent=8355"}],"wp:term":[{"taxonomy":"product_brand","embeddable":true,"href":"https:\/\/www.lojameraki.pt\/novo\/wp-json\/wp\/v2\/product_brand?post=8355"},{"taxonomy":"product_cat","embeddable":true,"href":"https:\/\/www.lojameraki.pt\/novo\/wp-json\/wp\/v2\/product_cat?post=8355"},{"taxonomy":"product_tag","embeddable":true,"href":"https:\/\/www.lojameraki.pt\/novo\/wp-json\/wp\/v2\/product_tag?post=8355"}],"curies":[{"name":"wp","href":"https:\/\/api.w.org\/{rel}","templated":true}]}}