{"id":8362,"date":"2024-04-05T11:22:16","date_gmt":"2024-04-05T11:22:16","guid":{"rendered":"https:\/\/www.lojameraki.pt\/novo\/?post_type=product&#038;p=8362"},"modified":"2024-04-05T11:22:54","modified_gmt":"2024-04-05T11:22:54","slug":"diversa-16","status":"publish","type":"product","link":"https:\/\/www.lojameraki.pt\/novo\/product\/diversa-16\/","title":{"rendered":"Diversa 16"},"content":{"rendered":"<p>Diversa 16<\/p>\n<p>Composi\u00e7\u00e3o: 74% Algod\u00e3o, 26%viscose<\/p>\n<p>Peso: 50 gramas<\/p>\n<p>Comprimento: 210 metros\u00a0 | Sport<\/p>\n<p>Agulhas: 3,5 &#8211; 4 mm<\/p>\n<p>Amostra: 24 malhas por 32 carreiras\u00a0 \u00a0(10 cm x 10 cm )<\/p>\n<p>para tamanho 38\/40 &#8211;\u00a0 250 gramas<\/p>\n<p>lav\u00e1vel \u00e0 m\u00e1quina 30\u00ba<\/p>\n","protected":false},"excerpt":{"rendered":"<p>Diversa 16 Composi\u00e7\u00e3o: 74% Algod\u00e3o, 26%viscose Peso: 50 gramas Comprimento: 210 metros\u00a0 | Sport Agulhas: 3,5 &#8211; 4 mm Amostra: 24 malhas por 32 carreiras\u00a0 \u00a0(10 cm x 10 cm ) para tamanho 38\/40 &#8211;\u00a0 250 gramas lav\u00e1vel \u00e0 m\u00e1quina 30\u00ba<\/p>\n","protected":false},"featured_media":8358,"template":"","meta":{"_et_pb_use_builder":"","_et_pb_old_content":"","_et_gb_content_width":""},"product_brand":[],"product_cat":[77,22,429,23,20,271,21,110,80],"product_tag":[],"class_list":{"0":"post-8362","1":"product","2":"type-product","3":"status-publish","4":"has-post-thumbnail","6":"product_cat-algodao","7":"product_cat-composicao","8":"product_cat-diversa","9":"product_cat-espessura","10":"product_cat-fios","11":"product_cat-lana-grossa","12":"product_cat-marcas","13":"product_cat-sport","14":"product_cat-viscose","16":"first","17":"instock","18":"shipping-taxable","19":"purchasable","20":"product-type-simple"},"_links":{"self":[{"href":"https:\/\/www.lojameraki.pt\/novo\/wp-json\/wp\/v2\/product\/8362","targetHints":{"allow":["GET"]}}],"collection":[{"href":"https:\/\/www.lojameraki.pt\/novo\/wp-json\/wp\/v2\/product"}],"about":[{"href":"https:\/\/www.lojameraki.pt\/novo\/wp-json\/wp\/v2\/types\/product"}],"wp:featuredmedia":[{"embeddable":true,"href":"https:\/\/www.lojameraki.pt\/novo\/wp-json\/wp\/v2\/media\/8358"}],"wp:attachment":[{"href":"https:\/\/www.lojameraki.pt\/novo\/wp-json\/wp\/v2\/media?parent=8362"}],"wp:term":[{"taxonomy":"product_brand","embeddable":true,"href":"https:\/\/www.lojameraki.pt\/novo\/wp-json\/wp\/v2\/product_brand?post=8362"},{"taxonomy":"product_cat","embeddable":true,"href":"https:\/\/www.lojameraki.pt\/novo\/wp-json\/wp\/v2\/product_cat?post=8362"},{"taxonomy":"product_tag","embeddable":true,"href":"https:\/\/www.lojameraki.pt\/novo\/wp-json\/wp\/v2\/product_tag?post=8362"}],"curies":[{"name":"wp","href":"https:\/\/api.w.org\/{rel}","templated":true}]}}