{"id":8372,"date":"2024-04-06T10:24:01","date_gmt":"2024-04-06T10:24:01","guid":{"rendered":"https:\/\/www.lojameraki.pt\/novo\/?post_type=product&#038;p=8372"},"modified":"2024-07-24T23:16:56","modified_gmt":"2024-07-24T23:16:56","slug":"paraiso-204","status":"publish","type":"product","link":"https:\/\/www.lojameraki.pt\/novo\/product\/paraiso-204\/","title":{"rendered":"Para\u00edso 204"},"content":{"rendered":"<p>Para\u00edso 204<\/p>\n<p>Composi\u00e7\u00e3o:\u00a0 100% algod\u00e3o<\/p>\n<p>Peso: 100 gramas<\/p>\n<p>Comprimento: 360 metros\u00a0 | Sport<\/p>\n<p>Agulhas: 3 &#8211; 3,5 mm<\/p>\n<p>Amostra: 23 malhas por 30 carreiras\u00a0 (10 x 10 cm)<\/p>\n<p>Lavar \u00e0 m\u00e1quina at\u00e9 30\u00ba<\/p>\n","protected":false},"excerpt":{"rendered":"<p>&nbsp;<\/p>\n<p>&nbsp;<\/p>\n","protected":false},"featured_media":8373,"template":"","meta":{"_et_pb_use_builder":"","_et_pb_old_content":"","_et_gb_content_width":""},"product_brand":[],"product_cat":[77,22,23,20,93,21,453,26,110],"product_tag":[],"class_list":{"0":"post-8372","1":"product","2":"type-product","3":"status-publish","4":"has-post-thumbnail","6":"product_cat-algodao","7":"product_cat-composicao","8":"product_cat-espessura","9":"product_cat-fios","10":"product_cat-katia-marcas","11":"product_cat-marcas","12":"product_cat-paraiso","13":"product_cat-primavera-verao","14":"product_cat-sport","16":"first","17":"outofstock","18":"shipping-taxable","19":"purchasable","20":"product-type-simple"},"_links":{"self":[{"href":"https:\/\/www.lojameraki.pt\/novo\/wp-json\/wp\/v2\/product\/8372","targetHints":{"allow":["GET"]}}],"collection":[{"href":"https:\/\/www.lojameraki.pt\/novo\/wp-json\/wp\/v2\/product"}],"about":[{"href":"https:\/\/www.lojameraki.pt\/novo\/wp-json\/wp\/v2\/types\/product"}],"wp:featuredmedia":[{"embeddable":true,"href":"https:\/\/www.lojameraki.pt\/novo\/wp-json\/wp\/v2\/media\/8373"}],"wp:attachment":[{"href":"https:\/\/www.lojameraki.pt\/novo\/wp-json\/wp\/v2\/media?parent=8372"}],"wp:term":[{"taxonomy":"product_brand","embeddable":true,"href":"https:\/\/www.lojameraki.pt\/novo\/wp-json\/wp\/v2\/product_brand?post=8372"},{"taxonomy":"product_cat","embeddable":true,"href":"https:\/\/www.lojameraki.pt\/novo\/wp-json\/wp\/v2\/product_cat?post=8372"},{"taxonomy":"product_tag","embeddable":true,"href":"https:\/\/www.lojameraki.pt\/novo\/wp-json\/wp\/v2\/product_tag?post=8372"}],"curies":[{"name":"wp","href":"https:\/\/api.w.org\/{rel}","templated":true}]}}