{"id":8481,"date":"2024-05-08T17:56:13","date_gmt":"2024-05-08T17:56:13","guid":{"rendered":"https:\/\/www.lojameraki.pt\/novo\/?post_type=product&#038;p=8481"},"modified":"2026-03-28T12:41:49","modified_gmt":"2026-03-28T12:41:49","slug":"alvor-print-73","status":"publish","type":"product","link":"https:\/\/www.lojameraki.pt\/novo\/product\/alvor-print-73\/","title":{"rendered":"Alvor Print 73"},"content":{"rendered":"<p>Alvor Print 73<\/p>\n<p>Composi\u00e7\u00e3o:\u00a0 50% linho; 50% l\u00e3<\/p>\n<p>Peso: 100 gramas<\/p>\n<p>Comprimento: 310 metros\u00a0 | Sport<\/p>\n<p>Agulhas: 3 &#8211; 4 mm<\/p>\n<p>Amostra: 24 malhas por 34 carreiras\u00a0 \u00a0(10 cm x 10 cm )<\/p>\n<p>lav\u00e1vel \u00e0 m\u00e1quina<\/p>\n","protected":false},"excerpt":{"rendered":"<p>Alvor Print 73 Composi\u00e7\u00e3o:\u00a0 50% linho; 50% l\u00e3 Peso: 100 gramas Comprimento: 310 metros\u00a0 | Sport Agulhas: 3 &#8211; 4 mm Amostra: 24 malhas por 34 carreiras\u00a0 \u00a0(10 cm x 10 cm ) lav\u00e1vel \u00e0 m\u00e1quina<\/p>\n","protected":false},"featured_media":8478,"template":"","meta":{"_et_pb_use_builder":"","_et_pb_old_content":"","_et_gb_content_width":""},"product_brand":[],"product_cat":[483,22,23,20,70,79,21,95,110],"product_tag":[],"class_list":{"0":"post-8481","1":"product","2":"type-product","3":"status-publish","4":"has-post-thumbnail","6":"product_cat-alvor-print","7":"product_cat-composicao","8":"product_cat-espessura","9":"product_cat-fios","10":"product_cat-la","11":"product_cat-linho","12":"product_cat-marcas","13":"product_cat-rosarios-4-marcas","14":"product_cat-sport","16":"first","17":"instock","18":"shipping-taxable","19":"purchasable","20":"product-type-simple"},"_links":{"self":[{"href":"https:\/\/www.lojameraki.pt\/novo\/wp-json\/wp\/v2\/product\/8481","targetHints":{"allow":["GET"]}}],"collection":[{"href":"https:\/\/www.lojameraki.pt\/novo\/wp-json\/wp\/v2\/product"}],"about":[{"href":"https:\/\/www.lojameraki.pt\/novo\/wp-json\/wp\/v2\/types\/product"}],"wp:featuredmedia":[{"embeddable":true,"href":"https:\/\/www.lojameraki.pt\/novo\/wp-json\/wp\/v2\/media\/8478"}],"wp:attachment":[{"href":"https:\/\/www.lojameraki.pt\/novo\/wp-json\/wp\/v2\/media?parent=8481"}],"wp:term":[{"taxonomy":"product_brand","embeddable":true,"href":"https:\/\/www.lojameraki.pt\/novo\/wp-json\/wp\/v2\/product_brand?post=8481"},{"taxonomy":"product_cat","embeddable":true,"href":"https:\/\/www.lojameraki.pt\/novo\/wp-json\/wp\/v2\/product_cat?post=8481"},{"taxonomy":"product_tag","embeddable":true,"href":"https:\/\/www.lojameraki.pt\/novo\/wp-json\/wp\/v2\/product_tag?post=8481"}],"curies":[{"name":"wp","href":"https:\/\/api.w.org\/{rel}","templated":true}]}}