{"id":8514,"date":"2024-05-31T09:45:32","date_gmt":"2024-05-31T09:45:32","guid":{"rendered":"https:\/\/www.lojameraki.pt\/novo\/?post_type=product&#038;p=8514"},"modified":"2024-05-31T09:46:09","modified_gmt":"2024-05-31T09:46:09","slug":"eco-vita-rafia-002-preto","status":"publish","type":"product","link":"https:\/\/www.lojameraki.pt\/novo\/product\/eco-vita-rafia-002-preto\/","title":{"rendered":"Eco Vita Rafia 002 preto"},"content":{"rendered":"<p>Eco Vita Rafia 002 preto<\/p>\n<p>Composi\u00e7\u00e3o:\u00a0 100% fibra de madeira<\/p>\n<p>Peso: 50 gramas<\/p>\n<p>Comprimento: 100 metros<\/p>\n<p>Agulhas: 3,5 &#8211; 5 mm<\/p>\n<p>&nbsp;<\/p>\n<p>lav\u00e1vel \u00e0 m\u00e3o<\/p>\n","protected":false},"excerpt":{"rendered":"<p>Eco Vita Rafia 002 preto Composi\u00e7\u00e3o:\u00a0 100% fibra de madeira Peso: 50 gramas Comprimento: 100 metros Agulhas: 3,5 &#8211; 5 mm &nbsp; lav\u00e1vel \u00e0 m\u00e3o<\/p>\n","protected":false},"featured_media":8515,"template":"","meta":{"_et_pb_use_builder":"","_et_pb_old_content":"","_et_gb_content_width":""},"product_brand":[],"product_cat":[22,331,485,23,20,21],"product_tag":[],"class_list":{"0":"post-8514","1":"product","2":"type-product","3":"status-publish","4":"has-post-thumbnail","6":"product_cat-composicao","7":"product_cat-dmc","8":"product_cat-eco-vita-rafia","9":"product_cat-espessura","10":"product_cat-fios","11":"product_cat-marcas","13":"first","14":"instock","15":"shipping-taxable","16":"purchasable","17":"product-type-simple"},"_links":{"self":[{"href":"https:\/\/www.lojameraki.pt\/novo\/wp-json\/wp\/v2\/product\/8514","targetHints":{"allow":["GET"]}}],"collection":[{"href":"https:\/\/www.lojameraki.pt\/novo\/wp-json\/wp\/v2\/product"}],"about":[{"href":"https:\/\/www.lojameraki.pt\/novo\/wp-json\/wp\/v2\/types\/product"}],"wp:featuredmedia":[{"embeddable":true,"href":"https:\/\/www.lojameraki.pt\/novo\/wp-json\/wp\/v2\/media\/8515"}],"wp:attachment":[{"href":"https:\/\/www.lojameraki.pt\/novo\/wp-json\/wp\/v2\/media?parent=8514"}],"wp:term":[{"taxonomy":"product_brand","embeddable":true,"href":"https:\/\/www.lojameraki.pt\/novo\/wp-json\/wp\/v2\/product_brand?post=8514"},{"taxonomy":"product_cat","embeddable":true,"href":"https:\/\/www.lojameraki.pt\/novo\/wp-json\/wp\/v2\/product_cat?post=8514"},{"taxonomy":"product_tag","embeddable":true,"href":"https:\/\/www.lojameraki.pt\/novo\/wp-json\/wp\/v2\/product_tag?post=8514"}],"curies":[{"name":"wp","href":"https:\/\/api.w.org\/{rel}","templated":true}]}}