{"id":8555,"date":"2024-06-06T10:16:32","date_gmt":"2024-06-06T10:16:32","guid":{"rendered":"https:\/\/www.lojameraki.pt\/novo\/?post_type=product&#038;p=8555"},"modified":"2024-10-10T15:42:47","modified_gmt":"2024-10-10T15:42:47","slug":"encanto-8990","status":"publish","type":"product","link":"https:\/\/www.lojameraki.pt\/novo\/product\/encanto-8990\/","title":{"rendered":"Encanto 8990"},"content":{"rendered":"<p>Encanto 8990 preto<\/p>\n<p>Composi\u00e7\u00e3o:\u00a0 100% viscose<\/p>\n<p>Peso: 100 gramas<\/p>\n<p>Comprimento: 128 metros<\/p>\n<p>Agulhas: 3 &#8211; 5 mm<\/p>\n<p>lav\u00e1vel \u00e0 m\u00e3o<\/p>\n","protected":false},"excerpt":{"rendered":"<p>Encanto 8990 preto Composi\u00e7\u00e3o:\u00a0 100% viscose Peso: 100 gramas Comprimento: 128 metros Agulhas: 3 &#8211; 5 mm lav\u00e1vel \u00e0 m\u00e3o<\/p>\n","protected":false},"featured_media":8554,"template":"","meta":{"_et_pb_use_builder":"","_et_pb_old_content":"","_et_gb_content_width":""},"product_brand":[],"product_cat":[112,443,22,486,23,20,21,80],"product_tag":[],"class_list":{"0":"post-8555","1":"product","2":"type-product","3":"status-publish","4":"has-post-thumbnail","6":"product_cat-aran","7":"product_cat-circulo","8":"product_cat-composicao","9":"product_cat-encanto","10":"product_cat-espessura","11":"product_cat-fios","12":"product_cat-marcas","13":"product_cat-viscose","15":"first","16":"instock","17":"shipping-taxable","18":"purchasable","19":"product-type-simple"},"_links":{"self":[{"href":"https:\/\/www.lojameraki.pt\/novo\/wp-json\/wp\/v2\/product\/8555","targetHints":{"allow":["GET"]}}],"collection":[{"href":"https:\/\/www.lojameraki.pt\/novo\/wp-json\/wp\/v2\/product"}],"about":[{"href":"https:\/\/www.lojameraki.pt\/novo\/wp-json\/wp\/v2\/types\/product"}],"wp:featuredmedia":[{"embeddable":true,"href":"https:\/\/www.lojameraki.pt\/novo\/wp-json\/wp\/v2\/media\/8554"}],"wp:attachment":[{"href":"https:\/\/www.lojameraki.pt\/novo\/wp-json\/wp\/v2\/media?parent=8555"}],"wp:term":[{"taxonomy":"product_brand","embeddable":true,"href":"https:\/\/www.lojameraki.pt\/novo\/wp-json\/wp\/v2\/product_brand?post=8555"},{"taxonomy":"product_cat","embeddable":true,"href":"https:\/\/www.lojameraki.pt\/novo\/wp-json\/wp\/v2\/product_cat?post=8555"},{"taxonomy":"product_tag","embeddable":true,"href":"https:\/\/www.lojameraki.pt\/novo\/wp-json\/wp\/v2\/product_tag?post=8555"}],"curies":[{"name":"wp","href":"https:\/\/api.w.org\/{rel}","templated":true}]}}