{"id":8563,"date":"2024-06-07T10:49:19","date_gmt":"2024-06-07T10:49:19","guid":{"rendered":"https:\/\/www.lojameraki.pt\/novo\/?post_type=product&#038;p=8563"},"modified":"2026-03-28T12:35:30","modified_gmt":"2026-03-28T12:35:30","slug":"principe-real-41-2","status":"publish","type":"product","link":"https:\/\/www.lojameraki.pt\/novo\/product\/principe-real-41-2\/","title":{"rendered":"Pr\u00edncipe Real 41"},"content":{"rendered":"<p>Pr\u00edncipe Real 41<\/p>\n<p>Composi\u00e7\u00e3o:\u00a0 50% linho; 36% algod\u00e3o; 14% seda natural<\/p>\n<p>Peso: 50 gramas<\/p>\n<p>Comprimento: 120 metros\u00a0 | DK<\/p>\n<p>Agulhas: 4,5 &#8211; 5 mm<\/p>\n<p>Amostra: 19 malhas por 24 carreiras\u00a0 \u00a0(10 cm x 10 cm )<\/p>\n<p>lav\u00e1vel \u00e0 m\u00e3o<\/p>\n","protected":false},"excerpt":{"rendered":"<p>Pr\u00edncipe Real 41 Composi\u00e7\u00e3o:\u00a0 50% linho; 36% algod\u00e3o; 14% seda natural Peso: 50 gramas Comprimento: 120 metros\u00a0 | DK Agulhas: 4,5 &#8211; 5 mm Amostra: 19 malhas por 24 carreiras\u00a0 \u00a0(10 cm x 10 cm ) lav\u00e1vel \u00e0 m\u00e3o<\/p>\n","protected":false},"featured_media":8564,"template":"","meta":{"_et_pb_use_builder":"","_et_pb_old_content":"","_et_gb_content_width":""},"product_brand":[],"product_cat":[77,22,88,23,20,79,21,26,484,95,74],"product_tag":[],"class_list":{"0":"post-8563","1":"product","2":"type-product","3":"status-publish","4":"has-post-thumbnail","6":"product_cat-algodao","7":"product_cat-composicao","8":"product_cat-dk","9":"product_cat-espessura","10":"product_cat-fios","11":"product_cat-linho","12":"product_cat-marcas","13":"product_cat-primavera-verao","14":"product_cat-principe-real","15":"product_cat-rosarios-4-marcas","16":"product_cat-seda","18":"first","19":"instock","20":"shipping-taxable","21":"purchasable","22":"product-type-simple"},"_links":{"self":[{"href":"https:\/\/www.lojameraki.pt\/novo\/wp-json\/wp\/v2\/product\/8563","targetHints":{"allow":["GET"]}}],"collection":[{"href":"https:\/\/www.lojameraki.pt\/novo\/wp-json\/wp\/v2\/product"}],"about":[{"href":"https:\/\/www.lojameraki.pt\/novo\/wp-json\/wp\/v2\/types\/product"}],"wp:featuredmedia":[{"embeddable":true,"href":"https:\/\/www.lojameraki.pt\/novo\/wp-json\/wp\/v2\/media\/8564"}],"wp:attachment":[{"href":"https:\/\/www.lojameraki.pt\/novo\/wp-json\/wp\/v2\/media?parent=8563"}],"wp:term":[{"taxonomy":"product_brand","embeddable":true,"href":"https:\/\/www.lojameraki.pt\/novo\/wp-json\/wp\/v2\/product_brand?post=8563"},{"taxonomy":"product_cat","embeddable":true,"href":"https:\/\/www.lojameraki.pt\/novo\/wp-json\/wp\/v2\/product_cat?post=8563"},{"taxonomy":"product_tag","embeddable":true,"href":"https:\/\/www.lojameraki.pt\/novo\/wp-json\/wp\/v2\/product_tag?post=8563"}],"curies":[{"name":"wp","href":"https:\/\/api.w.org\/{rel}","templated":true}]}}