{"id":8565,"date":"2024-06-07T10:50:55","date_gmt":"2024-06-07T10:50:55","guid":{"rendered":"https:\/\/www.lojameraki.pt\/novo\/?post_type=product&#038;p=8565"},"modified":"2026-03-28T12:35:14","modified_gmt":"2026-03-28T12:35:14","slug":"principe-real-01","status":"publish","type":"product","link":"https:\/\/www.lojameraki.pt\/novo\/product\/principe-real-01\/","title":{"rendered":"Pr\u00edncipe Real 01"},"content":{"rendered":"<p>Pr\u00edncipe Real 01<\/p>\n<p>Composi\u00e7\u00e3o:\u00a0 50% linho; 36% algod\u00e3o; 14% seda natural<\/p>\n<p>Peso: 50 gramas<\/p>\n<p>Comprimento: 120 metros\u00a0 | DK<\/p>\n<p>Agulhas: 4,5 &#8211; 5 mm<\/p>\n<p>Amostra: 19 malhas por 24 carreiras\u00a0 \u00a0(10 cm x 10 cm )<\/p>\n<p>lav\u00e1vel \u00e0 m\u00e3o<\/p>\n","protected":false},"excerpt":{"rendered":"<p>Pr\u00edncipe Real 01 Composi\u00e7\u00e3o:\u00a0 50% linho; 36% algod\u00e3o; 14% seda natural Peso: 50 gramas Comprimento: 120 metros\u00a0 | DK Agulhas: 4,5 &#8211; 5 mm Amostra: 19 malhas por 24 carreiras\u00a0 \u00a0(10 cm x 10 cm ) lav\u00e1vel \u00e0 m\u00e3o<\/p>\n","protected":false},"featured_media":8566,"template":"","meta":{"_et_pb_use_builder":"","_et_pb_old_content":"","_et_gb_content_width":""},"product_brand":[],"product_cat":[77,22,88,23,20,79,21,26,484,95,74],"product_tag":[],"class_list":{"0":"post-8565","1":"product","2":"type-product","3":"status-publish","4":"has-post-thumbnail","6":"product_cat-algodao","7":"product_cat-composicao","8":"product_cat-dk","9":"product_cat-espessura","10":"product_cat-fios","11":"product_cat-linho","12":"product_cat-marcas","13":"product_cat-primavera-verao","14":"product_cat-principe-real","15":"product_cat-rosarios-4-marcas","16":"product_cat-seda","18":"first","19":"outofstock","20":"shipping-taxable","21":"purchasable","22":"product-type-simple"},"_links":{"self":[{"href":"https:\/\/www.lojameraki.pt\/novo\/wp-json\/wp\/v2\/product\/8565","targetHints":{"allow":["GET"]}}],"collection":[{"href":"https:\/\/www.lojameraki.pt\/novo\/wp-json\/wp\/v2\/product"}],"about":[{"href":"https:\/\/www.lojameraki.pt\/novo\/wp-json\/wp\/v2\/types\/product"}],"wp:featuredmedia":[{"embeddable":true,"href":"https:\/\/www.lojameraki.pt\/novo\/wp-json\/wp\/v2\/media\/8566"}],"wp:attachment":[{"href":"https:\/\/www.lojameraki.pt\/novo\/wp-json\/wp\/v2\/media?parent=8565"}],"wp:term":[{"taxonomy":"product_brand","embeddable":true,"href":"https:\/\/www.lojameraki.pt\/novo\/wp-json\/wp\/v2\/product_brand?post=8565"},{"taxonomy":"product_cat","embeddable":true,"href":"https:\/\/www.lojameraki.pt\/novo\/wp-json\/wp\/v2\/product_cat?post=8565"},{"taxonomy":"product_tag","embeddable":true,"href":"https:\/\/www.lojameraki.pt\/novo\/wp-json\/wp\/v2\/product_tag?post=8565"}],"curies":[{"name":"wp","href":"https:\/\/api.w.org\/{rel}","templated":true}]}}