{"id":8694,"date":"2024-06-26T14:23:01","date_gmt":"2024-06-26T14:23:01","guid":{"rendered":"https:\/\/www.lojameraki.pt\/novo\/?post_type=product&#038;p=8694"},"modified":"2024-06-26T14:24:38","modified_gmt":"2024-06-26T14:24:38","slug":"eco-vita-wool-601","status":"publish","type":"product","link":"https:\/\/www.lojameraki.pt\/novo\/product\/eco-vita-wool-601\/","title":{"rendered":"Eco vita wool  601"},"content":{"rendered":"<p>Eco vita wool 601\u00a0 azul claro<\/p>\n<p>meadas com\u00a0 16 metros;\u00a0 100%\u00a0 l\u00e3 org\u00e2nica<\/p>\n<p>Este fio 100% l\u00e3 org\u00e2nica (mulesing-free) \u00e9 tingido apenas com ingredientes naturais, como a noz, o ruibarbo, o \u00edndigo e o zimbro. N\u00e3o sendo utilizados produtos qu\u00edmicos no processo de fabrico.<\/p>\n<p>A sua espessura uniforme e a sua tor\u00e7\u00e3o suave tornam-no um fio ideal para o bordado tradicional, o ponto de cruz, o punch needle, a tecelagem e o cerzido. Fio de 1 cabo n\u00e3o divis\u00edvel, a sua espessura corresponde aproximadamente \u00e0 de tr\u00eas cabos de Moulin\u00e9 Sp\u00e9cial.<\/p>\n<p>Certificado pela Woolmark, este fio foi submetido a rigorosos testes de solidez da cor, incluindo \u00e0 luz, \u00e0 lavagem, \u00e0 fric\u00e7\u00e3o e \u00e0 transpira\u00e7\u00e3o. Eco Vita 360 \u00e9 um fio muito vers\u00e1til, adequado para uma vasta gama de t\u00e9cnicas. A sua consist\u00eancia macia confere suavidade, textura e tridimensionalidade aos bordados. Descubra as suas propriedades \u00e0 medida que cria deslumbrantes projetos de bordado, ponto de cruz e punch needle. As cria\u00e7\u00f5es realizadas podem ser lavadas \u00e0 m\u00e3o a 30 graus, pelo que \u00e9 ideal para cerzir, tecer ou embelezar as suas pe\u00e7as de vestu\u00e1rio mais preciosas.<\/p>\n","protected":false},"excerpt":{"rendered":"<p>Eco vita wool 601\u00a0 azul claro meadas com\u00a0 16 metros;\u00a0 100%\u00a0 l\u00e3 org\u00e2nica Este fio 100% l\u00e3 org\u00e2nica (mulesing-free) \u00e9 tingido apenas com ingredientes naturais, como a noz, o ruibarbo, o \u00edndigo e o zimbro. N\u00e3o sendo utilizados produtos qu\u00edmicos no processo de fabrico. A sua espessura uniforme e a sua tor\u00e7\u00e3o suave tornam-no um [&hellip;]<\/p>\n","protected":false},"featured_media":8695,"template":"","meta":{"_et_pb_use_builder":"","_et_pb_old_content":"","_et_gb_content_width":""},"product_brand":[],"product_cat":[292,22,331,489,20,70,21,27],"product_tag":[],"class_list":{"0":"post-8694","1":"product","2":"type-product","3":"status-publish","4":"has-post-thumbnail","6":"product_cat-bordado","7":"product_cat-composicao","8":"product_cat-dmc","9":"product_cat-eco-vita-wool","10":"product_cat-fios","11":"product_cat-la","12":"product_cat-marcas","13":"product_cat-outros","15":"first","16":"instock","17":"shipping-taxable","18":"purchasable","19":"product-type-simple"},"_links":{"self":[{"href":"https:\/\/www.lojameraki.pt\/novo\/wp-json\/wp\/v2\/product\/8694","targetHints":{"allow":["GET"]}}],"collection":[{"href":"https:\/\/www.lojameraki.pt\/novo\/wp-json\/wp\/v2\/product"}],"about":[{"href":"https:\/\/www.lojameraki.pt\/novo\/wp-json\/wp\/v2\/types\/product"}],"wp:featuredmedia":[{"embeddable":true,"href":"https:\/\/www.lojameraki.pt\/novo\/wp-json\/wp\/v2\/media\/8695"}],"wp:attachment":[{"href":"https:\/\/www.lojameraki.pt\/novo\/wp-json\/wp\/v2\/media?parent=8694"}],"wp:term":[{"taxonomy":"product_brand","embeddable":true,"href":"https:\/\/www.lojameraki.pt\/novo\/wp-json\/wp\/v2\/product_brand?post=8694"},{"taxonomy":"product_cat","embeddable":true,"href":"https:\/\/www.lojameraki.pt\/novo\/wp-json\/wp\/v2\/product_cat?post=8694"},{"taxonomy":"product_tag","embeddable":true,"href":"https:\/\/www.lojameraki.pt\/novo\/wp-json\/wp\/v2\/product_tag?post=8694"}],"curies":[{"name":"wp","href":"https:\/\/api.w.org\/{rel}","templated":true}]}}