{"id":8851,"date":"2024-07-05T14:27:20","date_gmt":"2024-07-05T14:27:20","guid":{"rendered":"https:\/\/www.lojameraki.pt\/novo\/?post_type=product&#038;p=8851"},"modified":"2024-07-05T14:27:58","modified_gmt":"2024-07-05T14:27:58","slug":"pulseira-fita-metrica-205-black-2","status":"publish","type":"product","link":"https:\/\/www.lojameraki.pt\/novo\/product\/pulseira-fita-metrica-205-black-2\/","title":{"rendered":"Pulseira &#8211; fita m\u00e9trica  20,5 Black"},"content":{"rendered":"<p>Pulseira &#8211; fita m\u00e9trica\u00a0 &#8211;\u00a0 Large 20,5<\/p>\n<p>Preta ( black)<\/p>\n<p>Tamanho 20,5; com 43 cm de comprimento<\/p>\n<p>A pulseira deve dar duas voltas ao punho e o tamanho pode ser ligeiramente ajustado movendo o bot\u00e3o um pouco.<\/p>\n<p>Pulseira de couro com medidas gravadas em cent\u00edmetros e polegadas, como uma fita m\u00e9trica, sempre \u00e0 m\u00e3o para medir o tricot ou crochet.<\/p>\n","protected":false},"excerpt":{"rendered":"<p>Pulseira &#8211; fita m\u00e9trica\u00a0 &#8211;\u00a0 Large 20,5 Preta ( black) Tamanho 20,5; com 43 cm de comprimento A pulseira deve dar duas voltas ao punho e o tamanho pode ser ligeiramente ajustado movendo o bot\u00e3o um pouco. Pulseira de couro com medidas gravadas em cent\u00edmetros e polegadas, como uma fita m\u00e9trica, sempre \u00e0 m\u00e3o para [&hellip;]<\/p>\n","protected":false},"featured_media":8846,"template":"","meta":{"_et_pb_use_builder":"","_et_pb_old_content":"","_et_gb_content_width":""},"product_brand":[],"product_cat":[187,493],"product_tag":[],"class_list":{"0":"post-8851","1":"product","2":"type-product","3":"status-publish","4":"has-post-thumbnail","6":"product_cat-acessorios","7":"product_cat-the-knitting-barber","9":"first","10":"instock","11":"shipping-taxable","12":"purchasable","13":"product-type-simple"},"_links":{"self":[{"href":"https:\/\/www.lojameraki.pt\/novo\/wp-json\/wp\/v2\/product\/8851","targetHints":{"allow":["GET"]}}],"collection":[{"href":"https:\/\/www.lojameraki.pt\/novo\/wp-json\/wp\/v2\/product"}],"about":[{"href":"https:\/\/www.lojameraki.pt\/novo\/wp-json\/wp\/v2\/types\/product"}],"wp:featuredmedia":[{"embeddable":true,"href":"https:\/\/www.lojameraki.pt\/novo\/wp-json\/wp\/v2\/media\/8846"}],"wp:attachment":[{"href":"https:\/\/www.lojameraki.pt\/novo\/wp-json\/wp\/v2\/media?parent=8851"}],"wp:term":[{"taxonomy":"product_brand","embeddable":true,"href":"https:\/\/www.lojameraki.pt\/novo\/wp-json\/wp\/v2\/product_brand?post=8851"},{"taxonomy":"product_cat","embeddable":true,"href":"https:\/\/www.lojameraki.pt\/novo\/wp-json\/wp\/v2\/product_cat?post=8851"},{"taxonomy":"product_tag","embeddable":true,"href":"https:\/\/www.lojameraki.pt\/novo\/wp-json\/wp\/v2\/product_tag?post=8851"}],"curies":[{"name":"wp","href":"https:\/\/api.w.org\/{rel}","templated":true}]}}