{"id":8924,"date":"2024-07-18T10:42:29","date_gmt":"2024-07-18T10:42:29","guid":{"rendered":"https:\/\/www.lojameraki.pt\/novo\/?post_type=product&#038;p=8924"},"modified":"2024-07-18T10:44:42","modified_gmt":"2024-07-18T10:44:42","slug":"revista-dmc-eco-vita-bordado-la-2","status":"publish","type":"product","link":"https:\/\/www.lojameraki.pt\/novo\/product\/revista-dmc-eco-vita-bordado-la-2\/","title":{"rendered":"Revista DMC &#8211; Eco Vita &#8211; bordado l\u00e3"},"content":{"rendered":"<p>Revista DMC &#8211; Eco Vita\u00a0 bordado\u00a0 com l\u00e3 tingida com produtos naturais<\/p>\n<p>12 projetos de bordado para decora\u00e7\u00e3o de casa<\/p>\n<p>Em portugu\u00eas, espanhol e italiano.<\/p>\n","protected":false},"excerpt":{"rendered":"<p>Revista DMC &#8211; Eco Vita\u00a0 bordado\u00a0 com l\u00e3 tingida com produtos naturais 12 projetos de bordado para decora\u00e7\u00e3o de casa Em portugu\u00eas, espanhol e italiano.<\/p>\n","protected":false},"featured_media":8915,"template":"","meta":{"_et_pb_use_builder":"","_et_pb_old_content":"","_et_gb_content_width":""},"product_brand":[],"product_cat":[312,210],"product_tag":[],"class_list":{"0":"post-8924","1":"product","2":"type-product","3":"status-publish","4":"has-post-thumbnail","6":"product_cat-bordado-2","7":"product_cat-publicacoes-revistas","9":"first","10":"instock","11":"shipping-taxable","12":"purchasable","13":"product-type-simple"},"_links":{"self":[{"href":"https:\/\/www.lojameraki.pt\/novo\/wp-json\/wp\/v2\/product\/8924","targetHints":{"allow":["GET"]}}],"collection":[{"href":"https:\/\/www.lojameraki.pt\/novo\/wp-json\/wp\/v2\/product"}],"about":[{"href":"https:\/\/www.lojameraki.pt\/novo\/wp-json\/wp\/v2\/types\/product"}],"wp:featuredmedia":[{"embeddable":true,"href":"https:\/\/www.lojameraki.pt\/novo\/wp-json\/wp\/v2\/media\/8915"}],"wp:attachment":[{"href":"https:\/\/www.lojameraki.pt\/novo\/wp-json\/wp\/v2\/media?parent=8924"}],"wp:term":[{"taxonomy":"product_brand","embeddable":true,"href":"https:\/\/www.lojameraki.pt\/novo\/wp-json\/wp\/v2\/product_brand?post=8924"},{"taxonomy":"product_cat","embeddable":true,"href":"https:\/\/www.lojameraki.pt\/novo\/wp-json\/wp\/v2\/product_cat?post=8924"},{"taxonomy":"product_tag","embeddable":true,"href":"https:\/\/www.lojameraki.pt\/novo\/wp-json\/wp\/v2\/product_tag?post=8924"}],"curies":[{"name":"wp","href":"https:\/\/api.w.org\/{rel}","templated":true}]}}