{"id":8966,"date":"2024-07-18T11:52:30","date_gmt":"2024-07-18T11:52:30","guid":{"rendered":"https:\/\/www.lojameraki.pt\/novo\/?post_type=product&#038;p=8966"},"modified":"2024-07-18T11:53:50","modified_gmt":"2024-07-18T11:53:50","slug":"booklet-regia-virtuoso","status":"publish","type":"product","link":"https:\/\/www.lojameraki.pt\/novo\/product\/booklet-regia-virtuoso\/","title":{"rendered":"Booklet Regia Virtuoso"},"content":{"rendered":"<p>Booklet Regia Virtuoso<\/p>\n<p>9 designs<\/p>\n<p>Instru\u00e7\u00f5es dispon\u00edveis em Portugu\u00eas e Espanhol.<\/p>\n","protected":false},"excerpt":{"rendered":"<p>Booklet Regia Virtuoso 9 designs Instru\u00e7\u00f5es dispon\u00edveis em Portugu\u00eas e Espanhol.<\/p>\n","protected":false},"featured_media":8967,"template":"","meta":{"_et_pb_use_builder":"","_et_pb_old_content":"","_et_gb_content_width":""},"product_brand":[],"product_cat":[210,464],"product_tag":[],"class_list":{"0":"post-8966","1":"product","2":"type-product","3":"status-publish","4":"has-post-thumbnail","6":"product_cat-publicacoes-revistas","7":"product_cat-virtuoso-color","9":"first","10":"instock","11":"shipping-taxable","12":"purchasable","13":"product-type-simple"},"_links":{"self":[{"href":"https:\/\/www.lojameraki.pt\/novo\/wp-json\/wp\/v2\/product\/8966","targetHints":{"allow":["GET"]}}],"collection":[{"href":"https:\/\/www.lojameraki.pt\/novo\/wp-json\/wp\/v2\/product"}],"about":[{"href":"https:\/\/www.lojameraki.pt\/novo\/wp-json\/wp\/v2\/types\/product"}],"wp:featuredmedia":[{"embeddable":true,"href":"https:\/\/www.lojameraki.pt\/novo\/wp-json\/wp\/v2\/media\/8967"}],"wp:attachment":[{"href":"https:\/\/www.lojameraki.pt\/novo\/wp-json\/wp\/v2\/media?parent=8966"}],"wp:term":[{"taxonomy":"product_brand","embeddable":true,"href":"https:\/\/www.lojameraki.pt\/novo\/wp-json\/wp\/v2\/product_brand?post=8966"},{"taxonomy":"product_cat","embeddable":true,"href":"https:\/\/www.lojameraki.pt\/novo\/wp-json\/wp\/v2\/product_cat?post=8966"},{"taxonomy":"product_tag","embeddable":true,"href":"https:\/\/www.lojameraki.pt\/novo\/wp-json\/wp\/v2\/product_tag?post=8966"}],"curies":[{"name":"wp","href":"https:\/\/api.w.org\/{rel}","templated":true}]}}