{"id":9071,"date":"2024-07-22T11:23:19","date_gmt":"2024-07-22T11:23:19","guid":{"rendered":"https:\/\/www.lojameraki.pt\/novo\/?post_type=product&#038;p=9071"},"modified":"2024-07-22T11:23:56","modified_gmt":"2024-07-22T11:23:56","slug":"catania-212","status":"publish","type":"product","link":"https:\/\/www.lojameraki.pt\/novo\/product\/catania-212\/","title":{"rendered":"Catania 212"},"content":{"rendered":"<p>Catania 212 khaki<\/p>\n<p>Composi\u00e7\u00e3o: 100% Algod\u00e3o mercerizado<\/p>\n<p>Peso: 50 gramas<\/p>\n<p>Comprimento: 125 metros\u00a0 | Sport ( 2)<\/p>\n<p>Agulhas: 2,5- 3,5 mm<\/p>\n<p>Amostra: 26 malhas por 36 carreiras\u00a0 \u00a0(10 cm x 10 cm )<\/p>\n<p>lav\u00e1vel \u00e0 m\u00e1quina 40\u00ba<\/p>\n","protected":false},"excerpt":{"rendered":"<p>Catania 212 khaki Composi\u00e7\u00e3o: 100% Algod\u00e3o mercerizado Peso: 50 gramas Comprimento: 125 metros\u00a0 | Sport ( 2) Agulhas: 2,5- 3,5 mm Amostra: 26 malhas por 36 carreiras\u00a0 \u00a0(10 cm x 10 cm ) lav\u00e1vel \u00e0 m\u00e1quina 40\u00ba<\/p>\n","protected":false},"featured_media":6947,"template":"","meta":{"_et_pb_use_builder":"","_et_pb_old_content":"","_et_gb_content_width":""},"product_brand":[],"product_cat":[77,426,425,22,23,20,21,26,109,110],"product_tag":[427],"class_list":{"0":"post-9071","1":"product","2":"type-product","3":"status-publish","4":"has-post-thumbnail","6":"product_cat-algodao","7":"product_cat-amigurimi","8":"product_cat-catania","9":"product_cat-composicao","10":"product_cat-espessura","11":"product_cat-fios","12":"product_cat-marcas","13":"product_cat-primavera-verao","14":"product_cat-schachenmayr-marcas","15":"product_cat-sport","16":"product_tag-amigurimi","18":"first","19":"instock","20":"shipping-taxable","21":"purchasable","22":"product-type-simple"},"_links":{"self":[{"href":"https:\/\/www.lojameraki.pt\/novo\/wp-json\/wp\/v2\/product\/9071","targetHints":{"allow":["GET"]}}],"collection":[{"href":"https:\/\/www.lojameraki.pt\/novo\/wp-json\/wp\/v2\/product"}],"about":[{"href":"https:\/\/www.lojameraki.pt\/novo\/wp-json\/wp\/v2\/types\/product"}],"wp:featuredmedia":[{"embeddable":true,"href":"https:\/\/www.lojameraki.pt\/novo\/wp-json\/wp\/v2\/media\/6947"}],"wp:attachment":[{"href":"https:\/\/www.lojameraki.pt\/novo\/wp-json\/wp\/v2\/media?parent=9071"}],"wp:term":[{"taxonomy":"product_brand","embeddable":true,"href":"https:\/\/www.lojameraki.pt\/novo\/wp-json\/wp\/v2\/product_brand?post=9071"},{"taxonomy":"product_cat","embeddable":true,"href":"https:\/\/www.lojameraki.pt\/novo\/wp-json\/wp\/v2\/product_cat?post=9071"},{"taxonomy":"product_tag","embeddable":true,"href":"https:\/\/www.lojameraki.pt\/novo\/wp-json\/wp\/v2\/product_tag?post=9071"}],"curies":[{"name":"wp","href":"https:\/\/api.w.org\/{rel}","templated":true}]}}