{"id":9213,"date":"2024-09-18T14:41:29","date_gmt":"2024-09-18T14:41:29","guid":{"rendered":"https:\/\/www.lojameraki.pt\/novo\/?post_type=product&#038;p=9213"},"modified":"2024-10-09T09:56:43","modified_gmt":"2024-10-09T09:56:43","slug":"agulhas-hiyahiya-sharp-fixas-65mm","status":"publish","type":"product","link":"https:\/\/www.lojameraki.pt\/novo\/product\/agulhas-hiyahiya-sharp-fixas-65mm\/","title":{"rendered":"Agulhas HiyaHiya sharp fixas 6,5mm"},"content":{"rendered":"<p>Agulhas HiyaHiya sharp fixas<\/p>\n<p>Tamanho: 6,5 mm<\/p>\n<p>Comprimento: 100 cm<\/p>\n<p>Estas agulhas circulares em metal tem transi\u00e7\u00f5es perfeitas, pontas bem definidas e cabos flex\u00edveis proporcionam um tricotar muito confort\u00e1vel. As malhas deslizam facilmente pela agulha.<\/p>\n","protected":false},"excerpt":{"rendered":"<p>Agulhas HiyaHiya sharp fixas Tamanho: 6,5 mm Comprimento: 100 cm Estas agulhas circulares em metal tem transi\u00e7\u00f5es perfeitas, pontas bem definidas e cabos flex\u00edveis proporcionam um tricotar muito confort\u00e1vel. As malhas deslizam facilmente pela agulha.<\/p>\n","protected":false},"featured_media":1791,"template":"","meta":{"_et_pb_use_builder":"","_et_pb_old_content":"","_et_gb_content_width":""},"product_brand":[],"product_cat":[28,439,235,206,207,203],"product_tag":[208],"class_list":{"0":"post-9213","1":"product","2":"type-product","3":"status-publish","4":"has-post-thumbnail","6":"product_cat-agulhas","7":"product_cat-fixas-sharp","8":"product_cat-hiya-hiya","9":"product_cat-marca","10":"product_cat-tipo","11":"product_cat-tricot-fixas","12":"product_tag-tricot","14":"first","15":"instock","16":"shipping-taxable","17":"purchasable","18":"product-type-simple"},"_links":{"self":[{"href":"https:\/\/www.lojameraki.pt\/novo\/wp-json\/wp\/v2\/product\/9213","targetHints":{"allow":["GET"]}}],"collection":[{"href":"https:\/\/www.lojameraki.pt\/novo\/wp-json\/wp\/v2\/product"}],"about":[{"href":"https:\/\/www.lojameraki.pt\/novo\/wp-json\/wp\/v2\/types\/product"}],"wp:featuredmedia":[{"embeddable":true,"href":"https:\/\/www.lojameraki.pt\/novo\/wp-json\/wp\/v2\/media\/1791"}],"wp:attachment":[{"href":"https:\/\/www.lojameraki.pt\/novo\/wp-json\/wp\/v2\/media?parent=9213"}],"wp:term":[{"taxonomy":"product_brand","embeddable":true,"href":"https:\/\/www.lojameraki.pt\/novo\/wp-json\/wp\/v2\/product_brand?post=9213"},{"taxonomy":"product_cat","embeddable":true,"href":"https:\/\/www.lojameraki.pt\/novo\/wp-json\/wp\/v2\/product_cat?post=9213"},{"taxonomy":"product_tag","embeddable":true,"href":"https:\/\/www.lojameraki.pt\/novo\/wp-json\/wp\/v2\/product_tag?post=9213"}],"curies":[{"name":"wp","href":"https:\/\/api.w.org\/{rel}","templated":true}]}}