{"id":9216,"date":"2024-09-20T14:34:23","date_gmt":"2024-09-20T14:34:23","guid":{"rendered":"https:\/\/www.lojameraki.pt\/novo\/?post_type=product&#038;p=9216"},"modified":"2025-09-17T11:03:25","modified_gmt":"2025-09-17T11:03:25","slug":"pebble-mohair-49","status":"publish","type":"product","link":"https:\/\/www.lojameraki.pt\/novo\/product\/pebble-mohair-49\/","title":{"rendered":"Pebble Mohair 49"},"content":{"rendered":"<p>Pebble Mohair 49<\/p>\n<p>Composi\u00e7\u00e3o:\u00a0 70%\u00a0 acr\u00edlico; 10% Mohair; 10% l\u00e3; 10% poli\u00e9ster<\/p>\n<p>Peso: 50 gramas<\/p>\n<p>Comprimento: 100 metros\u00a0 | Aran<\/p>\n<p>Agulhas: 5,5 &#8211; 6 mm<\/p>\n<p>Amostra: 14 malhas por 19 carreiras\u00a0 (10 x 10 cm)<\/p>\n<p>Lavar \u00e0 m\u00e1quina at\u00e9 30\u00ba<\/p>\n","protected":false},"excerpt":{"rendered":"<p>&nbsp;<\/p>\n<p>&nbsp;<\/p>\n","protected":false},"featured_media":9218,"template":"","meta":{"_et_pb_use_builder":"","_et_pb_old_content":"","_et_gb_content_width":""},"product_brand":[],"product_cat":[82,112,22,23,20,70,21,75,495,85,109],"product_tag":[],"class_list":{"0":"post-9216","1":"product","2":"type-product","3":"status-publish","4":"has-post-thumbnail","6":"product_cat-acrilico","7":"product_cat-aran","8":"product_cat-composicao","9":"product_cat-espessura","10":"product_cat-fios","11":"product_cat-la","12":"product_cat-marcas","13":"product_cat-mohair","14":"product_cat-pebble-mohair","15":"product_cat-poliester","16":"product_cat-schachenmayr-marcas","18":"first","19":"instock","20":"shipping-taxable","21":"purchasable","22":"product-type-simple"},"_links":{"self":[{"href":"https:\/\/www.lojameraki.pt\/novo\/wp-json\/wp\/v2\/product\/9216","targetHints":{"allow":["GET"]}}],"collection":[{"href":"https:\/\/www.lojameraki.pt\/novo\/wp-json\/wp\/v2\/product"}],"about":[{"href":"https:\/\/www.lojameraki.pt\/novo\/wp-json\/wp\/v2\/types\/product"}],"wp:featuredmedia":[{"embeddable":true,"href":"https:\/\/www.lojameraki.pt\/novo\/wp-json\/wp\/v2\/media\/9218"}],"wp:attachment":[{"href":"https:\/\/www.lojameraki.pt\/novo\/wp-json\/wp\/v2\/media?parent=9216"}],"wp:term":[{"taxonomy":"product_brand","embeddable":true,"href":"https:\/\/www.lojameraki.pt\/novo\/wp-json\/wp\/v2\/product_brand?post=9216"},{"taxonomy":"product_cat","embeddable":true,"href":"https:\/\/www.lojameraki.pt\/novo\/wp-json\/wp\/v2\/product_cat?post=9216"},{"taxonomy":"product_tag","embeddable":true,"href":"https:\/\/www.lojameraki.pt\/novo\/wp-json\/wp\/v2\/product_tag?post=9216"}],"curies":[{"name":"wp","href":"https:\/\/api.w.org\/{rel}","templated":true}]}}