{"id":9252,"date":"2024-09-20T16:17:14","date_gmt":"2024-09-20T16:17:14","guid":{"rendered":"https:\/\/www.lojameraki.pt\/novo\/?post_type=product&#038;p=9252"},"modified":"2025-09-26T11:46:33","modified_gmt":"2025-09-26T11:46:33","slug":"atenea-tones-203","status":"publish","type":"product","link":"https:\/\/www.lojameraki.pt\/novo\/product\/atenea-tones-203\/","title":{"rendered":"Atenea Tones 203"},"content":{"rendered":"<p>Atenea Tones 203<\/p>\n<p>Composi\u00e7\u00e3o:\u00a0 42% l\u00e3 virgem; 40% algod\u00e3o; 18% caxemira<\/p>\n<p>Peso: 25 gramas<\/p>\n<p>Comprimento: 175 metros\u00a0 | light fingering<\/p>\n<p>Agulhas: 3 &#8211; 3,5 mm<\/p>\n<p>Amostra: 25 malhas x 35 carreiras\u00a0 (10 cm)<\/p>\n<p>Lav\u00e1vel \u00e0 m\u00e3o<\/p>\n<p>&nbsp;<\/p>\n","protected":false},"excerpt":{"rendered":"<p>Atenea Tones 203 Composi\u00e7\u00e3o:\u00a0 42% l\u00e3 virgem; 40% algod\u00e3o; 18% caxemira Peso: 25 gramas Comprimento: 175 metros\u00a0 | light fingering Agulhas: 3 &#8211; 3,5 mm Amostra: 25 malhas x 35 carreiras\u00a0 (10 cm) Lav\u00e1vel \u00e0 m\u00e3o &nbsp;<\/p>\n","protected":false},"featured_media":9239,"template":"","meta":{"_et_pb_use_builder":"","_et_pb_old_content":"","_et_gb_content_width":""},"product_brand":[],"product_cat":[77,500,84,22,23,20,93,70,113,21],"product_tag":[],"class_list":{"0":"post-9252","1":"product","2":"type-product","3":"status-publish","4":"has-post-thumbnail","6":"product_cat-algodao","7":"product_cat-atenea-tones","8":"product_cat-caxemira","9":"product_cat-composicao","10":"product_cat-espessura","11":"product_cat-fios","12":"product_cat-katia-marcas","13":"product_cat-la","14":"product_cat-light-fingering","15":"product_cat-marcas","17":"first","18":"outofstock","19":"shipping-taxable","20":"purchasable","21":"product-type-simple"},"_links":{"self":[{"href":"https:\/\/www.lojameraki.pt\/novo\/wp-json\/wp\/v2\/product\/9252","targetHints":{"allow":["GET"]}}],"collection":[{"href":"https:\/\/www.lojameraki.pt\/novo\/wp-json\/wp\/v2\/product"}],"about":[{"href":"https:\/\/www.lojameraki.pt\/novo\/wp-json\/wp\/v2\/types\/product"}],"wp:featuredmedia":[{"embeddable":true,"href":"https:\/\/www.lojameraki.pt\/novo\/wp-json\/wp\/v2\/media\/9239"}],"wp:attachment":[{"href":"https:\/\/www.lojameraki.pt\/novo\/wp-json\/wp\/v2\/media?parent=9252"}],"wp:term":[{"taxonomy":"product_brand","embeddable":true,"href":"https:\/\/www.lojameraki.pt\/novo\/wp-json\/wp\/v2\/product_brand?post=9252"},{"taxonomy":"product_cat","embeddable":true,"href":"https:\/\/www.lojameraki.pt\/novo\/wp-json\/wp\/v2\/product_cat?post=9252"},{"taxonomy":"product_tag","embeddable":true,"href":"https:\/\/www.lojameraki.pt\/novo\/wp-json\/wp\/v2\/product_tag?post=9252"}],"curies":[{"name":"wp","href":"https:\/\/api.w.org\/{rel}","templated":true}]}}