{"id":9268,"date":"2024-09-20T16:32:11","date_gmt":"2024-09-20T16:32:11","guid":{"rendered":"https:\/\/www.lojameraki.pt\/novo\/?post_type=product&#038;p=9268"},"modified":"2024-09-20T16:32:28","modified_gmt":"2024-09-20T16:32:28","slug":"regia-premium-pure-52","status":"publish","type":"product","link":"https:\/\/www.lojameraki.pt\/novo\/product\/regia-premium-pure-52\/","title":{"rendered":"Regia Premium &#8211; Pure 52"},"content":{"rendered":"<p>Regia Premium &#8211; Pure 52<\/p>\n<p>Composi\u00e7\u00e3o:\u00a0 100%\u00a0 l\u00e3 virgem<\/p>\n<p>Peso: 100 gramas<\/p>\n<p>Comprimento: 400 metros\u00a0 | Fingering<\/p>\n<p>Agulhas: 2,5 &#8211; 3,5 mm<\/p>\n<p>Amostra: 30 malhas por 42 carreiras\u00a0 (10 x 10 cm)<\/p>\n<p>Lavar \u00e0 m\u00e1quina at\u00e9 30\u00ba<\/p>\n","protected":false},"excerpt":{"rendered":"<p>Regia Premium &#8211; Pure 52 Composi\u00e7\u00e3o:\u00a0 100%\u00a0 l\u00e3 virgem Peso: 100 gramas Comprimento: 400 metros\u00a0 | Fingering Agulhas: 2,5 &#8211; 3,5 mm Amostra: 30 malhas por 42 carreiras\u00a0 (10 x 10 cm) Lavar \u00e0 m\u00e1quina at\u00e9 30\u00ba<\/p>\n","protected":false},"featured_media":9260,"template":"","meta":{"_et_pb_use_builder":"","_et_pb_old_content":"","_et_gb_content_width":""},"product_brand":[],"product_cat":[22,23,87,20,70,21,501,108],"product_tag":[],"class_list":{"0":"post-9268","1":"product","2":"type-product","3":"status-publish","4":"has-post-thumbnail","6":"product_cat-composicao","7":"product_cat-espessura","8":"product_cat-fingering","9":"product_cat-fios","10":"product_cat-la","11":"product_cat-marcas","12":"product_cat-regia-pure","13":"product_cat-regia-marcas","15":"first","16":"instock","17":"shipping-taxable","18":"purchasable","19":"product-type-simple"},"_links":{"self":[{"href":"https:\/\/www.lojameraki.pt\/novo\/wp-json\/wp\/v2\/product\/9268","targetHints":{"allow":["GET"]}}],"collection":[{"href":"https:\/\/www.lojameraki.pt\/novo\/wp-json\/wp\/v2\/product"}],"about":[{"href":"https:\/\/www.lojameraki.pt\/novo\/wp-json\/wp\/v2\/types\/product"}],"wp:featuredmedia":[{"embeddable":true,"href":"https:\/\/www.lojameraki.pt\/novo\/wp-json\/wp\/v2\/media\/9260"}],"wp:attachment":[{"href":"https:\/\/www.lojameraki.pt\/novo\/wp-json\/wp\/v2\/media?parent=9268"}],"wp:term":[{"taxonomy":"product_brand","embeddable":true,"href":"https:\/\/www.lojameraki.pt\/novo\/wp-json\/wp\/v2\/product_brand?post=9268"},{"taxonomy":"product_cat","embeddable":true,"href":"https:\/\/www.lojameraki.pt\/novo\/wp-json\/wp\/v2\/product_cat?post=9268"},{"taxonomy":"product_tag","embeddable":true,"href":"https:\/\/www.lojameraki.pt\/novo\/wp-json\/wp\/v2\/product_tag?post=9268"}],"curies":[{"name":"wp","href":"https:\/\/api.w.org\/{rel}","templated":true}]}}