{"id":942,"date":"2018-05-22T13:27:51","date_gmt":"2018-05-22T13:27:51","guid":{"rendered":"http:\/\/www.lojameraki.pt\/novo\/?post_type=product&#038;p=942"},"modified":"2025-01-23T18:08:20","modified_gmt":"2025-01-23T18:08:20","slug":"cabo-para-agulhas-intercambiaveis-80cm","status":"publish","type":"product","link":"https:\/\/www.lojameraki.pt\/novo\/product\/cabo-para-agulhas-intercambiaveis-80cm\/","title":{"rendered":"Cabo para agulhas intercambi\u00e1veis 80cm"},"content":{"rendered":"<p>Cabo para agulhas intercambi\u00e1veis\u00a0 da Knit Pro<\/p>\n<p>Tamanho: 80 cm ( contando de uma ponta da agulha\u00a0 \u00e0 outra)<\/p>\n<p>Com este tipo de agulhas poder\u00e1 tricotar v\u00e1rias pe\u00e7as com o mesmo par de agulhas, podendo deixar em espera os trabalhos nos cabos.<\/p>\n","protected":false},"excerpt":{"rendered":"<p>Cabo para agulhas intercambi\u00e1veis\u00a0 da Knit Pro Tamanho: 80 cm ( contando de uma ponta da agulha\u00a0 \u00e0 outra) Com este tipo de agulhas poder\u00e1 tricotar v\u00e1rias pe\u00e7as com o mesmo par de agulhas, podendo deixar em espera os trabalhos nos cabos.<\/p>\n","protected":false},"featured_media":941,"template":"","meta":{"_et_pb_use_builder":"","_et_pb_old_content":"","_et_gb_content_width":""},"product_brand":[],"product_cat":[28,204,130,206,207],"product_tag":[208],"class_list":{"0":"post-942","1":"product","2":"type-product","3":"status-publish","4":"has-post-thumbnail","6":"product_cat-agulhas","7":"product_cat-cabos-e-conectores","8":"product_cat-knit-pro-tricot","9":"product_cat-marca","10":"product_cat-tipo","11":"product_tag-tricot","13":"first","14":"outofstock","15":"shipping-taxable","16":"purchasable","17":"product-type-simple"},"_links":{"self":[{"href":"https:\/\/www.lojameraki.pt\/novo\/wp-json\/wp\/v2\/product\/942","targetHints":{"allow":["GET"]}}],"collection":[{"href":"https:\/\/www.lojameraki.pt\/novo\/wp-json\/wp\/v2\/product"}],"about":[{"href":"https:\/\/www.lojameraki.pt\/novo\/wp-json\/wp\/v2\/types\/product"}],"wp:featuredmedia":[{"embeddable":true,"href":"https:\/\/www.lojameraki.pt\/novo\/wp-json\/wp\/v2\/media\/941"}],"wp:attachment":[{"href":"https:\/\/www.lojameraki.pt\/novo\/wp-json\/wp\/v2\/media?parent=942"}],"wp:term":[{"taxonomy":"product_brand","embeddable":true,"href":"https:\/\/www.lojameraki.pt\/novo\/wp-json\/wp\/v2\/product_brand?post=942"},{"taxonomy":"product_cat","embeddable":true,"href":"https:\/\/www.lojameraki.pt\/novo\/wp-json\/wp\/v2\/product_cat?post=942"},{"taxonomy":"product_tag","embeddable":true,"href":"https:\/\/www.lojameraki.pt\/novo\/wp-json\/wp\/v2\/product_tag?post=942"}],"curies":[{"name":"wp","href":"https:\/\/api.w.org\/{rel}","templated":true}]}}