{"id":9566,"date":"2024-10-02T15:13:44","date_gmt":"2024-10-02T15:13:44","guid":{"rendered":"https:\/\/www.lojameraki.pt\/novo\/?post_type=product&#038;p=9566"},"modified":"2024-10-02T15:14:18","modified_gmt":"2024-10-02T15:14:18","slug":"sublime-alpaca-103","status":"publish","type":"product","link":"https:\/\/www.lojameraki.pt\/novo\/product\/sublime-alpaca-103\/","title":{"rendered":"Sublime Alpaca 103"},"content":{"rendered":"<p>Sublime Alpaca 103<\/p>\n<p>Composi\u00e7\u00e3o:\u00a0 50%\u00a0 l\u00e3; 50%\u00a0 alpaca<\/p>\n<p>Peso: 50 gramas<\/p>\n<p>Comprimento: 116 metros\u00a0 | DK<\/p>\n<p>Agulhas: 4 mm<\/p>\n<p>Amostra: 23 malhas por 30 carreiras\u00a0 (10 x 10 cm)<\/p>\n<p>Lav\u00e1vel \u00e0 m\u00e3o<\/p>\n","protected":false},"excerpt":{"rendered":"<p>&nbsp;<\/p>\n<p>&nbsp;<\/p>\n","protected":false},"featured_media":9551,"template":"","meta":{"_et_pb_use_builder":"","_et_pb_old_content":"","_et_gb_content_width":""},"product_brand":[],"product_cat":[22,88,331,23,20,70,72,21,522],"product_tag":[],"class_list":{"0":"post-9566","1":"product","2":"type-product","3":"status-publish","4":"has-post-thumbnail","6":"product_cat-composicao","7":"product_cat-dk","8":"product_cat-dmc","9":"product_cat-espessura","10":"product_cat-fios","11":"product_cat-la","12":"product_cat-la-alpaca","13":"product_cat-marcas","14":"product_cat-sublime-alpaca","16":"first","17":"instock","18":"shipping-taxable","19":"purchasable","20":"product-type-simple"},"_links":{"self":[{"href":"https:\/\/www.lojameraki.pt\/novo\/wp-json\/wp\/v2\/product\/9566","targetHints":{"allow":["GET"]}}],"collection":[{"href":"https:\/\/www.lojameraki.pt\/novo\/wp-json\/wp\/v2\/product"}],"about":[{"href":"https:\/\/www.lojameraki.pt\/novo\/wp-json\/wp\/v2\/types\/product"}],"wp:featuredmedia":[{"embeddable":true,"href":"https:\/\/www.lojameraki.pt\/novo\/wp-json\/wp\/v2\/media\/9551"}],"wp:attachment":[{"href":"https:\/\/www.lojameraki.pt\/novo\/wp-json\/wp\/v2\/media?parent=9566"}],"wp:term":[{"taxonomy":"product_brand","embeddable":true,"href":"https:\/\/www.lojameraki.pt\/novo\/wp-json\/wp\/v2\/product_brand?post=9566"},{"taxonomy":"product_cat","embeddable":true,"href":"https:\/\/www.lojameraki.pt\/novo\/wp-json\/wp\/v2\/product_cat?post=9566"},{"taxonomy":"product_tag","embeddable":true,"href":"https:\/\/www.lojameraki.pt\/novo\/wp-json\/wp\/v2\/product_tag?post=9566"}],"curies":[{"name":"wp","href":"https:\/\/api.w.org\/{rel}","templated":true}]}}