{"id":9572,"date":"2024-10-02T15:18:35","date_gmt":"2024-10-02T15:18:35","guid":{"rendered":"https:\/\/www.lojameraki.pt\/novo\/?post_type=product&#038;p=9572"},"modified":"2024-10-02T15:19:05","modified_gmt":"2024-10-02T15:19:05","slug":"sublime-alpaca-812","status":"publish","type":"product","link":"https:\/\/www.lojameraki.pt\/novo\/product\/sublime-alpaca-812\/","title":{"rendered":"Sublime Alpaca 812"},"content":{"rendered":"<p>Sublime Alpaca 812<\/p>\n<p>Composi\u00e7\u00e3o:\u00a0 50%\u00a0 l\u00e3; 50%\u00a0 alpaca<\/p>\n<p>Peso: 50 gramas<\/p>\n<p>Comprimento: 116 metros\u00a0 | DK<\/p>\n<p>Agulhas: 4 mm<\/p>\n<p>Amostra: 23 malhas por 30 carreiras\u00a0 (10 x 10 cm)<\/p>\n<p>Lav\u00e1vel \u00e0 m\u00e3o<\/p>\n","protected":false},"excerpt":{"rendered":"<p>DMC Sublime Alpaca \u00e9 um fio luxuoso composto por 50% de alpaca fina e 50% de l\u00e3 fina do Altiplano Peruano. Conhecida pela sua suavidade e propriedades hipoalerg\u00e9nicas, a alpaca oferece pe\u00e7as confort\u00e1veis, finas e quentes. As suas qualidades t\u00e9rmicas tornam-no perfeito para roupas de outono e inverno, e a sua durabilidade e elasticidade garantem roupas elegantes e duradouras.<\/p>\n<p>&nbsp;<\/p>\n","protected":false},"featured_media":9560,"template":"","meta":{"_et_pb_use_builder":"","_et_pb_old_content":"","_et_gb_content_width":""},"product_brand":[],"product_cat":[22,88,331,23,20,70,72,21,522],"product_tag":[],"class_list":{"0":"post-9572","1":"product","2":"type-product","3":"status-publish","4":"has-post-thumbnail","6":"product_cat-composicao","7":"product_cat-dk","8":"product_cat-dmc","9":"product_cat-espessura","10":"product_cat-fios","11":"product_cat-la","12":"product_cat-la-alpaca","13":"product_cat-marcas","14":"product_cat-sublime-alpaca","16":"first","17":"instock","18":"shipping-taxable","19":"purchasable","20":"product-type-simple"},"_links":{"self":[{"href":"https:\/\/www.lojameraki.pt\/novo\/wp-json\/wp\/v2\/product\/9572","targetHints":{"allow":["GET"]}}],"collection":[{"href":"https:\/\/www.lojameraki.pt\/novo\/wp-json\/wp\/v2\/product"}],"about":[{"href":"https:\/\/www.lojameraki.pt\/novo\/wp-json\/wp\/v2\/types\/product"}],"wp:featuredmedia":[{"embeddable":true,"href":"https:\/\/www.lojameraki.pt\/novo\/wp-json\/wp\/v2\/media\/9560"}],"wp:attachment":[{"href":"https:\/\/www.lojameraki.pt\/novo\/wp-json\/wp\/v2\/media?parent=9572"}],"wp:term":[{"taxonomy":"product_brand","embeddable":true,"href":"https:\/\/www.lojameraki.pt\/novo\/wp-json\/wp\/v2\/product_brand?post=9572"},{"taxonomy":"product_cat","embeddable":true,"href":"https:\/\/www.lojameraki.pt\/novo\/wp-json\/wp\/v2\/product_cat?post=9572"},{"taxonomy":"product_tag","embeddable":true,"href":"https:\/\/www.lojameraki.pt\/novo\/wp-json\/wp\/v2\/product_tag?post=9572"}],"curies":[{"name":"wp","href":"https:\/\/api.w.org\/{rel}","templated":true}]}}