{"id":9685,"date":"2024-10-15T15:41:42","date_gmt":"2024-10-15T15:41:42","guid":{"rendered":"https:\/\/www.lojameraki.pt\/novo\/?post_type=product&#038;p=9685"},"modified":"2025-11-27T11:30:40","modified_gmt":"2025-11-27T11:30:40","slug":"silkhair-print-430","status":"publish","type":"product","link":"https:\/\/www.lojameraki.pt\/novo\/product\/silkhair-print-430\/","title":{"rendered":"Silkhair  Print 430"},"content":{"rendered":"<p>Silkhair Print 430<\/p>\n<p>Composi\u00e7\u00e3o: 70%\u00a0 Mohair ;\u00a0 30% seda<\/p>\n<p>Peso: 25 gramas<\/p>\n<p>Comprimento: 210 metros | lace<\/p>\n<p>Agulhas: 3,5 4,5 mm<\/p>\n<p>Amostra: 22 malhas por\u00a0 27 carreiras\u00a0 (10 cm)<\/p>\n<p>lav\u00e1vel \u00e0 m\u00e3o<\/p>\n","protected":false},"excerpt":{"rendered":"<p>Silkhair Print 430 Composi\u00e7\u00e3o: 70%\u00a0 Mohair ;\u00a0 30% seda Peso: 25 gramas Comprimento: 210 metros | lace Agulhas: 3,5 4,5 mm Amostra: 22 malhas por\u00a0 27 carreiras\u00a0 (10 cm) lav\u00e1vel \u00e0 m\u00e3o<\/p>\n","protected":false},"featured_media":9682,"template":"","meta":{"_et_pb_use_builder":"","_et_pb_old_content":"","_et_gb_content_width":""},"product_brand":[],"product_cat":[22,23,20,86,271,21,75,74,526],"product_tag":[],"class_list":{"0":"post-9685","1":"product","2":"type-product","3":"status-publish","4":"has-post-thumbnail","6":"product_cat-composicao","7":"product_cat-espessura","8":"product_cat-fios","9":"product_cat-lace","10":"product_cat-lana-grossa","11":"product_cat-marcas","12":"product_cat-mohair","13":"product_cat-seda","14":"product_cat-silkhair-print","16":"first","17":"instock","18":"shipping-taxable","19":"purchasable","20":"product-type-simple"},"_links":{"self":[{"href":"https:\/\/www.lojameraki.pt\/novo\/wp-json\/wp\/v2\/product\/9685","targetHints":{"allow":["GET"]}}],"collection":[{"href":"https:\/\/www.lojameraki.pt\/novo\/wp-json\/wp\/v2\/product"}],"about":[{"href":"https:\/\/www.lojameraki.pt\/novo\/wp-json\/wp\/v2\/types\/product"}],"wp:featuredmedia":[{"embeddable":true,"href":"https:\/\/www.lojameraki.pt\/novo\/wp-json\/wp\/v2\/media\/9682"}],"wp:attachment":[{"href":"https:\/\/www.lojameraki.pt\/novo\/wp-json\/wp\/v2\/media?parent=9685"}],"wp:term":[{"taxonomy":"product_brand","embeddable":true,"href":"https:\/\/www.lojameraki.pt\/novo\/wp-json\/wp\/v2\/product_brand?post=9685"},{"taxonomy":"product_cat","embeddable":true,"href":"https:\/\/www.lojameraki.pt\/novo\/wp-json\/wp\/v2\/product_cat?post=9685"},{"taxonomy":"product_tag","embeddable":true,"href":"https:\/\/www.lojameraki.pt\/novo\/wp-json\/wp\/v2\/product_tag?post=9685"}],"curies":[{"name":"wp","href":"https:\/\/api.w.org\/{rel}","templated":true}]}}