{"id":9693,"date":"2024-10-15T15:48:21","date_gmt":"2024-10-15T15:48:21","guid":{"rendered":"https:\/\/www.lojameraki.pt\/novo\/?post_type=product&#038;p=9693"},"modified":"2025-03-07T12:38:56","modified_gmt":"2025-03-07T12:38:56","slug":"vintage-socks-1008","status":"publish","type":"product","link":"https:\/\/www.lojameraki.pt\/novo\/product\/vintage-socks-1008\/","title":{"rendered":"Vintage Socks 1008"},"content":{"rendered":"<p>Vintage Socks 1008<\/p>\n<p>Composi\u00e7\u00e3o: 75% L\u00e3 virgem merino ;\u00a0 25% Poliamida<\/p>\n<p>Peso: 100 gramas<\/p>\n<p>Comprimento: 400 metros | Fingering<\/p>\n<p>Agulhas: 2,5mm &#8211;\u00a0 3 mm<\/p>\n<p>Amostra: 28 malhas por 40 carreiras\u00a0 (10 cm)<\/p>\n<p>lav\u00e1vel \u00e0 m\u00e1quina<\/p>\n","protected":false},"excerpt":{"rendered":"<p>Vintage Socks 1008 Composi\u00e7\u00e3o: 75% L\u00e3 virgem merino ;\u00a0 25% Poliamida Peso: 100 gramas Comprimento: 400 metros | Fingering Agulhas: 2,5mm &#8211;\u00a0 3 mm Amostra: 28 malhas por 40 carreiras\u00a0 (10 cm) lav\u00e1vel \u00e0 m\u00e1quina<\/p>\n","protected":false},"featured_media":9687,"template":"","meta":{"_et_pb_use_builder":"","_et_pb_old_content":"","_et_gb_content_width":""},"product_brand":[],"product_cat":[22,23,87,20,71,271,21,25,76,527],"product_tag":[],"class_list":{"0":"post-9693","1":"product","2":"type-product","3":"status-publish","4":"has-post-thumbnail","6":"product_cat-composicao","7":"product_cat-espessura","8":"product_cat-fingering","9":"product_cat-fios","10":"product_cat-la-merino","11":"product_cat-lana-grossa","12":"product_cat-marcas","13":"product_cat-meias","14":"product_cat-poliamida-nylon","15":"product_cat-vintage-socks","17":"first","18":"outofstock","19":"shipping-taxable","20":"purchasable","21":"product-type-simple"},"_links":{"self":[{"href":"https:\/\/www.lojameraki.pt\/novo\/wp-json\/wp\/v2\/product\/9693","targetHints":{"allow":["GET"]}}],"collection":[{"href":"https:\/\/www.lojameraki.pt\/novo\/wp-json\/wp\/v2\/product"}],"about":[{"href":"https:\/\/www.lojameraki.pt\/novo\/wp-json\/wp\/v2\/types\/product"}],"wp:featuredmedia":[{"embeddable":true,"href":"https:\/\/www.lojameraki.pt\/novo\/wp-json\/wp\/v2\/media\/9687"}],"wp:attachment":[{"href":"https:\/\/www.lojameraki.pt\/novo\/wp-json\/wp\/v2\/media?parent=9693"}],"wp:term":[{"taxonomy":"product_brand","embeddable":true,"href":"https:\/\/www.lojameraki.pt\/novo\/wp-json\/wp\/v2\/product_brand?post=9693"},{"taxonomy":"product_cat","embeddable":true,"href":"https:\/\/www.lojameraki.pt\/novo\/wp-json\/wp\/v2\/product_cat?post=9693"},{"taxonomy":"product_tag","embeddable":true,"href":"https:\/\/www.lojameraki.pt\/novo\/wp-json\/wp\/v2\/product_tag?post=9693"}],"curies":[{"name":"wp","href":"https:\/\/api.w.org\/{rel}","templated":true}]}}