{"id":9712,"date":"2024-10-17T13:57:32","date_gmt":"2024-10-17T13:57:32","guid":{"rendered":"https:\/\/www.lojameraki.pt\/novo\/?post_type=product&#038;p=9712"},"modified":"2024-10-17T13:59:04","modified_gmt":"2024-10-17T13:59:04","slug":"pebble-mohair-85","status":"publish","type":"product","link":"https:\/\/www.lojameraki.pt\/novo\/product\/pebble-mohair-85\/","title":{"rendered":"Pebble Mohair 85"},"content":{"rendered":"<p>Pebble Mohair 85<\/p>\n<p>Composi\u00e7\u00e3o:\u00a0 70%\u00a0 acr\u00edlico; 10% Mohair; 10% l\u00e3; 10% poli\u00e9ster<\/p>\n<p>Peso: 50 gramas<\/p>\n<p>Comprimento: 100 metros\u00a0 | Aran<\/p>\n<p>Agulhas: 5,5 &#8211; 6 mm<\/p>\n<p>Amostra: 14 malhas por 19 carreiras\u00a0 (10 x 10 cm)<\/p>\n<p>Lavar \u00e0 m\u00e1quina at\u00e9 30\u00ba<\/p>\n","protected":false},"excerpt":{"rendered":"<p>&nbsp;<\/p>\n<p>&nbsp;<\/p>\n","protected":false},"featured_media":9709,"template":"","meta":{"_et_pb_use_builder":"","_et_pb_old_content":"","_et_gb_content_width":""},"product_brand":[],"product_cat":[82,112,22,23,20,70,21,75,495,85,109],"product_tag":[],"class_list":{"0":"post-9712","1":"product","2":"type-product","3":"status-publish","4":"has-post-thumbnail","6":"product_cat-acrilico","7":"product_cat-aran","8":"product_cat-composicao","9":"product_cat-espessura","10":"product_cat-fios","11":"product_cat-la","12":"product_cat-marcas","13":"product_cat-mohair","14":"product_cat-pebble-mohair","15":"product_cat-poliester","16":"product_cat-schachenmayr-marcas","18":"first","19":"instock","20":"shipping-taxable","21":"purchasable","22":"product-type-simple"},"_links":{"self":[{"href":"https:\/\/www.lojameraki.pt\/novo\/wp-json\/wp\/v2\/product\/9712","targetHints":{"allow":["GET"]}}],"collection":[{"href":"https:\/\/www.lojameraki.pt\/novo\/wp-json\/wp\/v2\/product"}],"about":[{"href":"https:\/\/www.lojameraki.pt\/novo\/wp-json\/wp\/v2\/types\/product"}],"wp:featuredmedia":[{"embeddable":true,"href":"https:\/\/www.lojameraki.pt\/novo\/wp-json\/wp\/v2\/media\/9709"}],"wp:attachment":[{"href":"https:\/\/www.lojameraki.pt\/novo\/wp-json\/wp\/v2\/media?parent=9712"}],"wp:term":[{"taxonomy":"product_brand","embeddable":true,"href":"https:\/\/www.lojameraki.pt\/novo\/wp-json\/wp\/v2\/product_brand?post=9712"},{"taxonomy":"product_cat","embeddable":true,"href":"https:\/\/www.lojameraki.pt\/novo\/wp-json\/wp\/v2\/product_cat?post=9712"},{"taxonomy":"product_tag","embeddable":true,"href":"https:\/\/www.lojameraki.pt\/novo\/wp-json\/wp\/v2\/product_tag?post=9712"}],"curies":[{"name":"wp","href":"https:\/\/api.w.org\/{rel}","templated":true}]}}