{"id":972,"date":"2018-05-22T14:04:13","date_gmt":"2018-05-22T14:04:13","guid":{"rendered":"http:\/\/www.lojameraki.pt\/novo\/?post_type=product&#038;p=972"},"modified":"2024-10-16T15:58:23","modified_gmt":"2024-10-16T15:58:23","slug":"agulhas-fixas-nova-metal-6-mm-40cm","status":"publish","type":"product","link":"https:\/\/www.lojameraki.pt\/novo\/product\/agulhas-fixas-nova-metal-6-mm-40cm\/","title":{"rendered":"Agulhas fixas Nova metal 6 mm 40cm"},"content":{"rendered":"<p>Agulhas de tricot circulares fixas da Knit Pro<\/p>\n<p>Tamanho: 6 mm<\/p>\n<p>Comprimento: 40 cm<\/p>\n<p>Estas agulhas circulares em metal tem transi\u00e7\u00f5es perfeitas e cabos flex\u00edveis proporcionam um tricotar muito confort\u00e1vel. As malhas deslizam facilmente pela agulha.<\/p>\n","protected":false},"excerpt":{"rendered":"<p>Agulhas de tricot circulares fixas da Knit Pro Tamanho: 6 mm Comprimento: 40 cm Estas agulhas circulares em metal tem transi\u00e7\u00f5es perfeitas e cabos flex\u00edveis proporcionam um tricotar muito confort\u00e1vel. As malhas deslizam facilmente pela agulha.<\/p>\n","protected":false},"featured_media":946,"template":"","meta":{"_et_pb_use_builder":"","_et_pb_old_content":"","_et_gb_content_width":""},"product_brand":[],"product_cat":[28,130,206,207,203],"product_tag":[208],"class_list":{"0":"post-972","1":"product","2":"type-product","3":"status-publish","4":"has-post-thumbnail","6":"product_cat-agulhas","7":"product_cat-knit-pro-tricot","8":"product_cat-marca","9":"product_cat-tipo","10":"product_cat-tricot-fixas","11":"product_tag-tricot","13":"first","14":"instock","15":"shipping-taxable","16":"purchasable","17":"product-type-simple"},"_links":{"self":[{"href":"https:\/\/www.lojameraki.pt\/novo\/wp-json\/wp\/v2\/product\/972","targetHints":{"allow":["GET"]}}],"collection":[{"href":"https:\/\/www.lojameraki.pt\/novo\/wp-json\/wp\/v2\/product"}],"about":[{"href":"https:\/\/www.lojameraki.pt\/novo\/wp-json\/wp\/v2\/types\/product"}],"wp:featuredmedia":[{"embeddable":true,"href":"https:\/\/www.lojameraki.pt\/novo\/wp-json\/wp\/v2\/media\/946"}],"wp:attachment":[{"href":"https:\/\/www.lojameraki.pt\/novo\/wp-json\/wp\/v2\/media?parent=972"}],"wp:term":[{"taxonomy":"product_brand","embeddable":true,"href":"https:\/\/www.lojameraki.pt\/novo\/wp-json\/wp\/v2\/product_brand?post=972"},{"taxonomy":"product_cat","embeddable":true,"href":"https:\/\/www.lojameraki.pt\/novo\/wp-json\/wp\/v2\/product_cat?post=972"},{"taxonomy":"product_tag","embeddable":true,"href":"https:\/\/www.lojameraki.pt\/novo\/wp-json\/wp\/v2\/product_tag?post=972"}],"curies":[{"name":"wp","href":"https:\/\/api.w.org\/{rel}","templated":true}]}}