{"id":9754,"date":"2024-10-18T14:24:53","date_gmt":"2024-10-18T14:24:53","guid":{"rendered":"https:\/\/www.lojameraki.pt\/novo\/?post_type=product&#038;p=9754"},"modified":"2024-10-18T14:25:38","modified_gmt":"2024-10-18T14:25:38","slug":"campanina-09","status":"publish","type":"product","link":"https:\/\/www.lojameraki.pt\/novo\/product\/campanina-09\/","title":{"rendered":"Campanina 09"},"content":{"rendered":"<p>Campanina 09<\/p>\n<p>Composi\u00e7\u00e3o: 70% L\u00e3; 30% poliamida<\/p>\n<p>Peso: 100 gramas<\/p>\n<p>Comprimento: 350 metros |\u00a0 Sport<\/p>\n<p>Agulhas: 3 &#8211; 3,5 mm<\/p>\n<p>Amostra: 27 malhas por 34 carreiras (10 cm)<\/p>\n<p>lav\u00e1vel \u00e0 m\u00e3o<\/p>\n","protected":false},"excerpt":{"rendered":"<p>Campanina 09 Composi\u00e7\u00e3o: 70% L\u00e3; 30% poliamida Peso: 100 gramas Comprimento: 350 metros |\u00a0 Sport Agulhas: 3 &#8211; 3,5 mm Amostra: 27 malhas por 34 carreiras (10 cm) lav\u00e1vel \u00e0 m\u00e3o<\/p>\n","protected":false},"featured_media":9736,"template":"","meta":{"_et_pb_use_builder":"","_et_pb_old_content":"","_et_gb_content_width":""},"product_brand":[],"product_cat":[528,22,23,20,70,21,25,76,95,110],"product_tag":[],"class_list":{"0":"post-9754","1":"product","2":"type-product","3":"status-publish","4":"has-post-thumbnail","6":"product_cat-campanina","7":"product_cat-composicao","8":"product_cat-espessura","9":"product_cat-fios","10":"product_cat-la","11":"product_cat-marcas","12":"product_cat-meias","13":"product_cat-poliamida-nylon","14":"product_cat-rosarios-4-marcas","15":"product_cat-sport","17":"first","18":"instock","19":"shipping-taxable","20":"purchasable","21":"product-type-simple"},"_links":{"self":[{"href":"https:\/\/www.lojameraki.pt\/novo\/wp-json\/wp\/v2\/product\/9754","targetHints":{"allow":["GET"]}}],"collection":[{"href":"https:\/\/www.lojameraki.pt\/novo\/wp-json\/wp\/v2\/product"}],"about":[{"href":"https:\/\/www.lojameraki.pt\/novo\/wp-json\/wp\/v2\/types\/product"}],"wp:featuredmedia":[{"embeddable":true,"href":"https:\/\/www.lojameraki.pt\/novo\/wp-json\/wp\/v2\/media\/9736"}],"wp:attachment":[{"href":"https:\/\/www.lojameraki.pt\/novo\/wp-json\/wp\/v2\/media?parent=9754"}],"wp:term":[{"taxonomy":"product_brand","embeddable":true,"href":"https:\/\/www.lojameraki.pt\/novo\/wp-json\/wp\/v2\/product_brand?post=9754"},{"taxonomy":"product_cat","embeddable":true,"href":"https:\/\/www.lojameraki.pt\/novo\/wp-json\/wp\/v2\/product_cat?post=9754"},{"taxonomy":"product_tag","embeddable":true,"href":"https:\/\/www.lojameraki.pt\/novo\/wp-json\/wp\/v2\/product_tag?post=9754"}],"curies":[{"name":"wp","href":"https:\/\/api.w.org\/{rel}","templated":true}]}}