{"id":9768,"date":"2024-10-18T15:04:09","date_gmt":"2024-10-18T15:04:09","guid":{"rendered":"https:\/\/www.lojameraki.pt\/novo\/?post_type=product&#038;p=9768"},"modified":"2025-02-19T17:31:01","modified_gmt":"2025-02-19T17:31:01","slug":"benjamim-03","status":"publish","type":"product","link":"https:\/\/www.lojameraki.pt\/novo\/product\/benjamim-03\/","title":{"rendered":"Benjamim 03"},"content":{"rendered":"<p>Benjamim 03<\/p>\n<p>Composi\u00e7\u00e3o: 50% Acr\u00edlico Microfibra; 50% Poliamida<\/p>\n<p>Peso: 100 gramas<\/p>\n<p>Comprimento: 250 metros |\u00a0 DK<\/p>\n<p>Agulhas: 4 &#8211; 4,5 mm<\/p>\n<p>Amostra: 22 malhas por 29 carreiras (10 cm)<\/p>\n<p>lav\u00e1vel \u00e0 m\u00e1quina<\/p>\n","protected":false},"excerpt":{"rendered":"<p>Benjamim 03 Composi\u00e7\u00e3o: 50% Acr\u00edlico Microfibra; 50% Poliamida Peso: 100 gramas Comprimento: 250 metros |\u00a0 DK Agulhas: 4 &#8211; 4,5 mm Amostra: 22 malhas por 29 carreiras (10 cm) lav\u00e1vel \u00e0 m\u00e1quina<\/p>\n","protected":false},"featured_media":9760,"template":"","meta":{"_et_pb_use_builder":"","_et_pb_old_content":"","_et_gb_content_width":""},"product_brand":[],"product_cat":[82,529,22,88,23,20,21,76,95],"product_tag":[],"class_list":{"0":"post-9768","1":"product","2":"type-product","3":"status-publish","4":"has-post-thumbnail","6":"product_cat-acrilico","7":"product_cat-benjamim","8":"product_cat-composicao","9":"product_cat-dk","10":"product_cat-espessura","11":"product_cat-fios","12":"product_cat-marcas","13":"product_cat-poliamida-nylon","14":"product_cat-rosarios-4-marcas","16":"first","17":"instock","18":"shipping-taxable","19":"purchasable","20":"product-type-simple"},"_links":{"self":[{"href":"https:\/\/www.lojameraki.pt\/novo\/wp-json\/wp\/v2\/product\/9768","targetHints":{"allow":["GET"]}}],"collection":[{"href":"https:\/\/www.lojameraki.pt\/novo\/wp-json\/wp\/v2\/product"}],"about":[{"href":"https:\/\/www.lojameraki.pt\/novo\/wp-json\/wp\/v2\/types\/product"}],"wp:featuredmedia":[{"embeddable":true,"href":"https:\/\/www.lojameraki.pt\/novo\/wp-json\/wp\/v2\/media\/9760"}],"wp:attachment":[{"href":"https:\/\/www.lojameraki.pt\/novo\/wp-json\/wp\/v2\/media?parent=9768"}],"wp:term":[{"taxonomy":"product_brand","embeddable":true,"href":"https:\/\/www.lojameraki.pt\/novo\/wp-json\/wp\/v2\/product_brand?post=9768"},{"taxonomy":"product_cat","embeddable":true,"href":"https:\/\/www.lojameraki.pt\/novo\/wp-json\/wp\/v2\/product_cat?post=9768"},{"taxonomy":"product_tag","embeddable":true,"href":"https:\/\/www.lojameraki.pt\/novo\/wp-json\/wp\/v2\/product_tag?post=9768"}],"curies":[{"name":"wp","href":"https:\/\/api.w.org\/{rel}","templated":true}]}}