{"id":9885,"date":"2024-11-26T11:05:07","date_gmt":"2024-11-26T11:05:07","guid":{"rendered":"https:\/\/www.lojameraki.pt\/novo\/?post_type=product&#038;p=9885"},"modified":"2024-11-26T11:16:54","modified_gmt":"2024-11-26T11:16:54","slug":"hardicraft-knitting-amigurumi-kit-john-bear","status":"publish","type":"product","link":"https:\/\/www.lojameraki.pt\/novo\/product\/hardicraft-knitting-amigurumi-kit-john-bear\/","title":{"rendered":"HardiCraft Knitting amigurumi kit John Bear"},"content":{"rendered":"<p>HardiCraft Knitting amigurumi kit John Bear<\/p>\n<p>Em tricot<\/p>\n<p>Cada kit cont\u00e9m o seguinte:<\/p>\n<p>O padr\u00e3o completo com instru\u00e7\u00f5es passo a passo em ingl\u00eas, holand\u00eas, alem\u00e3o e franc\u00eas<br \/>\n50 gramas de Scheepjes Stone Washed em bege<br \/>\n50 gramas de Scheepjes Stone Washed em verde<br \/>\nenchimento<br \/>\nUm par de olhos de seguran\u00e7a<\/p>\n<p>Este padr\u00e3o espec\u00edfico foi desenhado por Christel Krukkert e mede cerca de 25 cm de altura quando est\u00e1 conclu\u00eddo. O tamanho recomendado da agulha \u00e9 de 3,00 mm.<\/p>\n","protected":false},"excerpt":{"rendered":"<p>&nbsp;<\/p>\n<p>&nbsp;<\/p>\n","protected":false},"featured_media":9886,"template":"","meta":{"_et_pb_use_builder":"","_et_pb_old_content":"","_et_gb_content_width":""},"product_brand":[],"product_cat":[187,389,15,449],"product_tag":[],"class_list":{"0":"post-9885","1":"product","2":"type-product","3":"status-publish","4":"has-post-thumbnail","6":"product_cat-acessorios","7":"product_cat-amigurumi","8":"product_cat-retrosaria","9":"product_cat-tricot-e-crochet","11":"first","12":"instock","13":"shipping-taxable","14":"purchasable","15":"product-type-simple"},"_links":{"self":[{"href":"https:\/\/www.lojameraki.pt\/novo\/wp-json\/wp\/v2\/product\/9885","targetHints":{"allow":["GET"]}}],"collection":[{"href":"https:\/\/www.lojameraki.pt\/novo\/wp-json\/wp\/v2\/product"}],"about":[{"href":"https:\/\/www.lojameraki.pt\/novo\/wp-json\/wp\/v2\/types\/product"}],"wp:featuredmedia":[{"embeddable":true,"href":"https:\/\/www.lojameraki.pt\/novo\/wp-json\/wp\/v2\/media\/9886"}],"wp:attachment":[{"href":"https:\/\/www.lojameraki.pt\/novo\/wp-json\/wp\/v2\/media?parent=9885"}],"wp:term":[{"taxonomy":"product_brand","embeddable":true,"href":"https:\/\/www.lojameraki.pt\/novo\/wp-json\/wp\/v2\/product_brand?post=9885"},{"taxonomy":"product_cat","embeddable":true,"href":"https:\/\/www.lojameraki.pt\/novo\/wp-json\/wp\/v2\/product_cat?post=9885"},{"taxonomy":"product_tag","embeddable":true,"href":"https:\/\/www.lojameraki.pt\/novo\/wp-json\/wp\/v2\/product_tag?post=9885"}],"curies":[{"name":"wp","href":"https:\/\/api.w.org\/{rel}","templated":true}]}}