{"id":9911,"date":"2024-11-26T13:04:58","date_gmt":"2024-11-26T13:04:58","guid":{"rendered":"https:\/\/www.lojameraki.pt\/novo\/?post_type=product&#038;p=9911"},"modified":"2024-11-26T13:05:54","modified_gmt":"2024-11-26T13:05:54","slug":"alca-para-carteira-2","status":"publish","type":"product","link":"https:\/\/www.lojameraki.pt\/novo\/product\/alca-para-carteira-2\/","title":{"rendered":"Al\u00e7a para carteira"},"content":{"rendered":"<p>Al\u00e7a para carteira &#8211; castanho<\/p>\n<p>Imita\u00e7\u00e3o em pele &#8211; 12x 785mm<\/p>\n","protected":false},"excerpt":{"rendered":"<p>Al\u00e7a para carteira &#8211; castanho Imita\u00e7\u00e3o em pele &#8211; 12x 785mm<\/p>\n","protected":false},"featured_media":9910,"template":"","meta":{"_et_pb_use_builder":"","_et_pb_old_content":"","_et_gb_content_width":""},"product_brand":[],"product_cat":[187,460,449],"product_tag":[],"class_list":{"0":"post-9911","1":"product","2":"type-product","3":"status-publish","4":"has-post-thumbnail","6":"product_cat-acessorios","7":"product_cat-diversos","8":"product_cat-tricot-e-crochet","10":"first","11":"instock","12":"shipping-taxable","13":"purchasable","14":"product-type-simple"},"_links":{"self":[{"href":"https:\/\/www.lojameraki.pt\/novo\/wp-json\/wp\/v2\/product\/9911","targetHints":{"allow":["GET"]}}],"collection":[{"href":"https:\/\/www.lojameraki.pt\/novo\/wp-json\/wp\/v2\/product"}],"about":[{"href":"https:\/\/www.lojameraki.pt\/novo\/wp-json\/wp\/v2\/types\/product"}],"wp:featuredmedia":[{"embeddable":true,"href":"https:\/\/www.lojameraki.pt\/novo\/wp-json\/wp\/v2\/media\/9910"}],"wp:attachment":[{"href":"https:\/\/www.lojameraki.pt\/novo\/wp-json\/wp\/v2\/media?parent=9911"}],"wp:term":[{"taxonomy":"product_brand","embeddable":true,"href":"https:\/\/www.lojameraki.pt\/novo\/wp-json\/wp\/v2\/product_brand?post=9911"},{"taxonomy":"product_cat","embeddable":true,"href":"https:\/\/www.lojameraki.pt\/novo\/wp-json\/wp\/v2\/product_cat?post=9911"},{"taxonomy":"product_tag","embeddable":true,"href":"https:\/\/www.lojameraki.pt\/novo\/wp-json\/wp\/v2\/product_tag?post=9911"}],"curies":[{"name":"wp","href":"https:\/\/api.w.org\/{rel}","templated":true}]}}