{"id":9937,"date":"2024-11-29T12:47:21","date_gmt":"2024-11-29T12:47:21","guid":{"rendered":"https:\/\/www.lojameraki.pt\/novo\/?post_type=product&#038;p=9937"},"modified":"2025-10-30T11:52:53","modified_gmt":"2025-10-30T11:52:53","slug":"saco-de-projeto-eco-vita-tricot-crochet-2","status":"publish","type":"product","link":"https:\/\/www.lojameraki.pt\/novo\/product\/saco-de-projeto-eco-vita-tricot-crochet-2\/","title":{"rendered":"Saco de projeto Eco Vita Tricot &#038; Crochet"},"content":{"rendered":"<p>Saco de projeto Eco Vita Tricot &amp; Crochet<\/p>\n<p>Este saco \u00e9 perfeito para guardar e manter os seus fios, agulhas e acess\u00f3rios organizados enquanto transporta os seus projetos para todo o lado. Possui uma parte superior com cord\u00e3o para ajudar a manter o conte\u00fado seguro e protegido, bem como duas pegas resistentes, o que o torna uma escolha ideal para levar consigo. Uma etiqueta em pele com o log\u00f3tipo DMC Eco Vita em relevo d\u00e1 o toque final.<\/p>\n<p>O material principal do saco \u00e9 um tecido feito de 70% algod\u00e3o reciclado e 30% poli\u00e9ster reciclado. Dispon\u00edvel nas cores caqui e terracota. Este saco faz parte da Cole\u00e7\u00e3o Nomad Bag, uma gama de solu\u00e7\u00f5es de arruma\u00e7\u00e3o elegantes e sustent\u00e1veis para os tricotadeiros levarem os seus projetos para qualquer lugar.<\/p>\n<p>Dimens\u00f5es: 28 x 24 x 14 cm<\/p>\n","protected":false},"excerpt":{"rendered":"<p>Saco de projeto Eco Vita Tricot &amp; Crochet Este saco \u00e9 perfeito para guardar e manter os seus fios, agulhas e acess\u00f3rios organizados enquanto transporta os seus projetos para todo o lado. Possui uma parte superior com cord\u00e3o para ajudar a manter o conte\u00fado seguro e protegido, bem como duas pegas resistentes, o que o [&hellip;]<\/p>\n","protected":false},"featured_media":9938,"template":"","meta":{"_et_pb_use_builder":"","_et_pb_old_content":"","_et_gb_content_width":""},"product_brand":[],"product_cat":[187,460,450,449],"product_tag":[],"class_list":{"0":"post-9937","1":"product","2":"type-product","3":"status-publish","4":"has-post-thumbnail","6":"product_cat-acessorios","7":"product_cat-diversos","8":"product_cat-tecelagem-e-macrame","9":"product_cat-tricot-e-crochet","11":"first","12":"outofstock","13":"shipping-taxable","14":"purchasable","15":"product-type-simple"},"_links":{"self":[{"href":"https:\/\/www.lojameraki.pt\/novo\/wp-json\/wp\/v2\/product\/9937","targetHints":{"allow":["GET"]}}],"collection":[{"href":"https:\/\/www.lojameraki.pt\/novo\/wp-json\/wp\/v2\/product"}],"about":[{"href":"https:\/\/www.lojameraki.pt\/novo\/wp-json\/wp\/v2\/types\/product"}],"wp:featuredmedia":[{"embeddable":true,"href":"https:\/\/www.lojameraki.pt\/novo\/wp-json\/wp\/v2\/media\/9938"}],"wp:attachment":[{"href":"https:\/\/www.lojameraki.pt\/novo\/wp-json\/wp\/v2\/media?parent=9937"}],"wp:term":[{"taxonomy":"product_brand","embeddable":true,"href":"https:\/\/www.lojameraki.pt\/novo\/wp-json\/wp\/v2\/product_brand?post=9937"},{"taxonomy":"product_cat","embeddable":true,"href":"https:\/\/www.lojameraki.pt\/novo\/wp-json\/wp\/v2\/product_cat?post=9937"},{"taxonomy":"product_tag","embeddable":true,"href":"https:\/\/www.lojameraki.pt\/novo\/wp-json\/wp\/v2\/product_tag?post=9937"}],"curies":[{"name":"wp","href":"https:\/\/api.w.org\/{rel}","templated":true}]}}