{"id":9939,"date":"2024-11-29T12:49:16","date_gmt":"2024-11-29T12:49:16","guid":{"rendered":"https:\/\/www.lojameraki.pt\/novo\/?post_type=product&#038;p=9939"},"modified":"2026-03-28T12:02:40","modified_gmt":"2026-03-28T12:02:40","slug":"bolsa-pequena-eco-vita","status":"publish","type":"product","link":"https:\/\/www.lojameraki.pt\/novo\/product\/bolsa-pequena-eco-vita\/","title":{"rendered":"Bolsa pequena Eco Vita"},"content":{"rendered":"<p>Bolsa pequena Eco Vita<\/p>\n<p>&nbsp;<\/p>\n","protected":false},"excerpt":{"rendered":"<p>Mantenha os itens essenciais do seu passatempo criativo sempre \u00e0 m\u00e3o e bem organizados com esta bolsa Eco Vita, ideal para guardar pequenos acess\u00f3rios. Esta bolsa elegante tem um fecho de correr e uma aba que pode utilizar para pendurar ou prender a bolsa \u00e0 sua mala. A etiqueta em pele com o log\u00f3tipo DMC Eco Vita em relevo d\u00e1 o toque final ao design contempor\u00e2neo.<\/p>\n<p>O material principal da bolsa \u00e9 um tecido feito de 70% algod\u00e3o reciclado e 30% poli\u00e9ster reciclado. Dispon\u00edvel nas cores caqui e terracota. Esta bolsa faz parte da Cole\u00e7\u00e3o Nomad Bag, uma gama de solu\u00e7\u00f5es de arruma\u00e7\u00e3o elegantes e sustent\u00e1veis para os tricotadeiros levarem os seus projetos para qualquer lugar.<\/p>\n<p>Dimens\u00f5es: 16 x 19 x 6 cm<\/p>\n","protected":false},"featured_media":9940,"template":"","meta":{"_et_pb_use_builder":"","_et_pb_old_content":"","_et_gb_content_width":""},"product_brand":[],"product_cat":[187,460,450,449],"product_tag":[],"class_list":{"0":"post-9939","1":"product","2":"type-product","3":"status-publish","4":"has-post-thumbnail","6":"product_cat-acessorios","7":"product_cat-diversos","8":"product_cat-tecelagem-e-macrame","9":"product_cat-tricot-e-crochet","11":"first","12":"outofstock","13":"shipping-taxable","14":"purchasable","15":"product-type-simple"},"_links":{"self":[{"href":"https:\/\/www.lojameraki.pt\/novo\/wp-json\/wp\/v2\/product\/9939","targetHints":{"allow":["GET"]}}],"collection":[{"href":"https:\/\/www.lojameraki.pt\/novo\/wp-json\/wp\/v2\/product"}],"about":[{"href":"https:\/\/www.lojameraki.pt\/novo\/wp-json\/wp\/v2\/types\/product"}],"wp:featuredmedia":[{"embeddable":true,"href":"https:\/\/www.lojameraki.pt\/novo\/wp-json\/wp\/v2\/media\/9940"}],"wp:attachment":[{"href":"https:\/\/www.lojameraki.pt\/novo\/wp-json\/wp\/v2\/media?parent=9939"}],"wp:term":[{"taxonomy":"product_brand","embeddable":true,"href":"https:\/\/www.lojameraki.pt\/novo\/wp-json\/wp\/v2\/product_brand?post=9939"},{"taxonomy":"product_cat","embeddable":true,"href":"https:\/\/www.lojameraki.pt\/novo\/wp-json\/wp\/v2\/product_cat?post=9939"},{"taxonomy":"product_tag","embeddable":true,"href":"https:\/\/www.lojameraki.pt\/novo\/wp-json\/wp\/v2\/product_tag?post=9939"}],"curies":[{"name":"wp","href":"https:\/\/api.w.org\/{rel}","templated":true}]}}